{"id":1334,"date":"2021-05-03T15:12:30","date_gmt":"2021-05-03T15:12:30","guid":{"rendered":"http:\/\/s279392999.mialojamiento.es\/?page_id=1334"},"modified":"2021-05-03T15:30:14","modified_gmt":"2021-05-03T15:30:14","slug":"politica-de-cookies","status":"publish","type":"page","link":"http:\/\/tapicerianautica.com\/de\/politica-de-cookies","title":{"rendered":"Cookie-Politik"},"content":{"rendered":"<div data-elementor-type=\"wp-page\" data-elementor-id=\"1334\" class=\"elementor elementor-1334\">\n\t\t\t\t\t\t<section class=\"elementor-section elementor-top-section elementor-element elementor-element-89892f5 elementor-section-stretched elementor-section-boxed elementor-section-height-default elementor-section-height-default\" data-id=\"89892f5\" data-element_type=\"section\" data-e-type=\"section\" data-settings=\"{&quot;stretch_section&quot;:&quot;section-stretched&quot;}\">\n\t\t\t\t\t\t<div class=\"elementor-container elementor-column-gap-default\">\n\t\t\t\t\t<div class=\"elementor-column elementor-col-100 elementor-top-column elementor-element elementor-element-753ad13\" data-id=\"753ad13\" data-element_type=\"column\" data-e-type=\"column\">\n\t\t\t<div class=\"elementor-widget-wrap elementor-element-populated\">\n\t\t\t\t\t\t<div class=\"elementor-element elementor-element-54f30d5 elementor-widget elementor-widget-heading\" data-id=\"54f30d5\" data-element_type=\"widget\" data-e-type=\"widget\" data-widget_type=\"heading.default\">\n\t\t\t\t<div class=\"elementor-widget-container\">\n\t\t\t\t\t<h1 class=\"elementor-heading-title elementor-size-large\">COOKIES-POLITIK<\/h1>\t\t\t\t<\/div>\n\t\t\t\t<\/div>\n\t\t\t\t<div class=\"elementor-element elementor-element-cec73dd elementor-view-framed elementor-shape-circle elementor-widget elementor-widget-icon\" data-id=\"cec73dd\" data-element_type=\"widget\" data-e-type=\"widget\" data-widget_type=\"icon.default\">\n\t\t\t\t<div class=\"elementor-widget-container\">\n\t\t\t\t\t\t\t<div class=\"elementor-icon-wrapper\">\n\t\t\t<div class=\"elementor-icon\">\n\t\t\t<svg xmlns=\"http:\/\/www.w3.org\/2000\/svg\" xmlns:xlink=\"http:\/\/www.w3.org\/1999\/xlink\" id=\"Capa_1\" x=\"0px\" y=\"0px\" width=\"282px\" height=\"122.998px\" viewbox=\"0 0 282 122.998\" xml:space=\"preserve\"><g>\t<path fill=\"none\" d=\"M173.184,84.41c-0.717-0.401-1.137-0.203-1.459,0.573c-1.664,4.023-3.367,8.028-5.117,12.183   c7.893,0,15.529,0,23.658,0C185.172,91.606,179.311,87.831,173.184,84.41z\"><\/path>\t<path fill=\"none\" d=\"M105.535,84.704c-6.154,3.164-11.67,7.189-16.801,12.401c8.092,0,15.777,0,23.695,0   c-1.738-4.133-3.414-8.071-5.045-12.028C106.914,83.931,106.299,84.311,105.535,84.704z\"><\/path>\t<path fill=\"none\" d=\"M154.236,78.015c-2.523-0.364-5.027-0.912-7.563-1.164c-9.4-0.938-18.645-0.008-27.742,2.525   c-1.049,0.293-1.504,0.48-0.939,1.719c2.219,4.854,4.344,9.75,6.443,14.656c0.477,1.115,1.119,1.538,2.35,1.507   c3.355-0.083,6.713-0.028,10.07-0.028c3.438,0,6.875-0.043,10.311,0.024c1.129,0.022,1.705-0.331,2.127-1.407   c2.035-5.191,4.088-10.377,6.285-15.502C156.291,78.682,155.732,78.229,154.236,78.015z\"><\/path>\t<path fill=\"#000068\" d=\"M244.531,97.217c-0.811,0-1.686,0.229-2.576-0.286c0.582-0.443,1.025-0.781,1.469-1.117   c1.91-1.449,3.697-2.277,6.463-2.035c7.285,0.643,14.137-1.076,19.76-6.17c1.791-1.621,3.166-3.598,2.391-6.127   c-0.752-2.463-2.877-3.576-5.26-3.992c-7.229-1.26-14.238-0.248-20.055,4.189c-2.941,2.244-5.709,2.73-9,2.596   c-2.395-0.1-4.789-0.224-7.184-0.229c-1.408-0.003-2.359-0.505-3.195-1.67c-5.543-7.729-12.326-14.25-19.809-20.069   c-6.332-4.924-13.23-8.906-20.521-12.225c-1.209-0.551-2.289-1.141-2.057-2.804c0.242-1.735,0.441-3.486,0.498-5.235   c0.037-1.076,0.414-1.732,1.305-2.339c5.541-3.773,8.674-9.049,9.357-15.698c0.313-3.048-0.09-6.079-3.025-7.807   c-2.85-1.678-5.768-0.93-8.354,0.782c-5.363,3.554-8.834,8.67-9.188,14.981c-0.229,4.061-1.873,6.475-4.793,8.607   c-0.193,0.141-0.393,0.291-0.537,0.477c-1.309,1.677-2.949,1.838-4.926,1.358c-17.139-4.153-34.426-4.39-51.533-0.435   c-5.994,1.386-10.396,0.943-14.182-3.86c-0.098-0.124-0.227-0.226-0.352-0.326c-0.996-0.813-1.457-1.808-1.334-3.143   c0.27-2.942-0.455-5.743-1.721-8.347c-2.162-4.448-4.85-8.528-9.791-10.314c-5.336-1.929-9.154,0.604-9.342,6.245   c-0.205,6.212,2.123,11.688,6.92,15.389c3.33,2.57,4.205,5.431,4.092,9.139c-0.014,0.398-0.074,0.833,0.051,1.192   c0.77,2.18-0.385,3.025-2.211,3.895c-13.715,6.53-25.42,15.737-34.637,27.761c-2.852,3.719-5.645,5.285-10.096,4.731   c-1.549-0.192-2.74-0.487-4.047-1.509c-6.674-5.215-14.297-7-22.537-5.023c-5.141,1.232-6.184,5.49-2.582,9.443   c0.85,0.934,1.861,1.783,2.941,2.433c5.275,3.172,11.051,4.978,17.146,4.063c3.549-0.531,5.418,1.338,7.549,3.49   c-0.861,0-1.723,0-2.584,0c-9.238,0-18.475,0-27.713,0v10.512c14.242-0.014,28.486-0.026,42.729-0.027   c73.535-0.009,147.07-0.005,220.604-0.003V97.222C263.287,97.22,253.908,97.223,244.531,97.217z M88.734,97.105   c5.131-5.212,10.646-9.237,16.801-12.401c0.764-0.394,1.379-0.773,1.85,0.373c1.631,3.957,3.307,7.896,5.045,12.028   C104.512,97.105,96.826,97.105,88.734,97.105z M155.578,80.345c-2.197,5.125-4.25,10.311-6.285,15.502   c-0.422,1.076-0.998,1.43-2.127,1.407c-3.436-0.067-6.873-0.024-10.311-0.024c-3.357,0-6.715-0.055-10.07,0.028   c-1.23,0.031-1.873-0.392-2.35-1.507c-2.1-4.906-4.225-9.803-6.443-14.656c-0.564-1.238-0.109-1.426,0.939-1.719   c9.098-2.533,18.342-3.463,27.742-2.525c2.535,0.252,5.039,0.8,7.563,1.164C155.732,78.229,156.291,78.682,155.578,80.345z    M166.607,97.166c1.75-4.154,3.453-8.159,5.117-12.183c0.322-0.776,0.742-0.975,1.459-0.573   c6.127,3.421,11.988,7.196,17.082,12.756C182.137,97.166,174.5,97.166,166.607,97.166z\"><\/path><\/g><\/svg>\t\t\t<\/div>\n\t\t<\/div>\n\t\t\t\t\t\t<\/div>\n\t\t\t\t<\/div>\n\t\t\t\t<div class=\"elementor-element elementor-element-6cae8fe elementor-widget elementor-widget-spacer\" data-id=\"6cae8fe\" data-element_type=\"widget\" data-e-type=\"widget\" data-widget_type=\"spacer.default\">\n\t\t\t\t<div class=\"elementor-widget-container\">\n\t\t\t\t\t\t\t<div class=\"elementor-spacer\">\n\t\t\t<div class=\"elementor-spacer-inner\"><\/div>\n\t\t<\/div>\n\t\t\t\t\t\t<\/div>\n\t\t\t\t<\/div>\n\t\t\t\t\t<\/div>\n\t\t<\/div>\n\t\t\t\t\t<\/div>\n\t\t<\/section>\n\t\t\t\t<section class=\"elementor-section elementor-top-section elementor-element elementor-element-80cd7fb elementor-section-stretched elementor-section-boxed elementor-section-height-default elementor-section-height-default\" data-id=\"80cd7fb\" data-element_type=\"section\" data-e-type=\"section\" data-settings=\"{&quot;stretch_section&quot;:&quot;section-stretched&quot;}\">\n\t\t\t\t\t\t<div class=\"elementor-container elementor-column-gap-default\">\n\t\t\t\t\t<div class=\"elementor-column elementor-col-100 elementor-top-column elementor-element elementor-element-0ae94d6\" data-id=\"0ae94d6\" data-element_type=\"column\" data-e-type=\"column\">\n\t\t\t<div class=\"elementor-widget-wrap elementor-element-populated\">\n\t\t\t\t\t\t<div class=\"elementor-element elementor-element-eabc1da animated-slow elementor-invisible elementor-widget elementor-widget-text-editor\" data-id=\"eabc1da\" data-element_type=\"widget\" data-e-type=\"widget\" data-settings=\"{&quot;_animation&quot;:&quot;fadeIn&quot;}\" data-widget_type=\"text-editor.default\">\n\t\t\t\t<div class=\"elementor-widget-container\">\n\t\t\t\t\t\t\t\t\t<h2><span style=\"color: #a1beff;\"><strong>WAS SIND COOKIES?<\/strong><\/span><\/h2><p class=\"translation-block\">Cookies und andere \u00e4hnliche Technologien wie Local Shared Objects, Flash-Cookies oder Pixel, <strong>sind kleine Dateien<\/strong>, die einige Plattformen, wie z.B. Websites, auf dem Ger\u00e4t des Nutzers (Computer, Tablet, Smartphone, etc.) installieren k\u00f6nnen. \u00a0<\/p><p class=\"translation-block\"><strong>Ihre Funktionen<\/strong> k\u00f6nnen sehr vielf\u00e4ltig sein: Sie speichern Ihre Browsing-Pr\u00e4ferenzen, sammeln statistische Informationen, erm\u00f6glichen bestimmte technische Funktionalit\u00e4ten...<\/p><p class=\"translation-block\">Manchmal werden <strong>Cookies<\/strong> verwendet, um grundlegende Informationen \u00fcber die Surfgewohnheiten des Benutzers oder Ihren Computer zu speichern, bis hin zu dem Punkt, je nach Fall, ihn erkennen zu k\u00f6nnen.<\/p><p class=\"translation-block\">Cookies sind <strong>n\u00fctzlich<\/strong> aus mehreren Gr\u00fcnden. Aus technischer Sicht erm\u00f6glichen sie es, dass Webseiten agiler arbeiten und sich an Ihre Vorlieben anpassen, z. B. indem sie Ihre Sprache oder die W\u00e4hrung Ihres Landes speichern.<\/p><p class=\"translation-block\">Dar\u00fcber hinaus helfen sie <strong>Webseitenbetreibern<\/strong>, ihre Dienstleistungen zu verbessern, dank der statistischen Informationen, die durch sie gesammelt werden.<\/p><p class=\"translation-block\">Schlie\u00dflich dienen <strong>sie<\/strong> dazu, die Werbung, die wir Ihnen zeigen, effizienter zu gestalten, dank derer wir Ihnen unsere Dienstleistungen kostenlos anbieten k\u00f6nnen.<\/p><p class=\"translation-block\">F\u00fcr weitere Informationen \u00fcber Cookies besuchen Sie bitte <a href=\"http:\/\/www.youronlinechoices.com\/es\/\" target=\"_self\" rel=\"noopener\">Your Online Choices Espa\u00f1a\u00a0<\/a> oder <a href=\"http:\/\/www.allaboutcookies.org\/es\/\" target=\"_self\" rel=\"noopener\">http:\/\/www.allaboutcookies.org\/es\/<\/a>.<\/p>\t\t\t\t\t\t\t\t<\/div>\n\t\t\t\t<\/div>\n\t\t\t\t<div class=\"elementor-element elementor-element-3e1bff8 animated-slow elementor-invisible elementor-widget elementor-widget-text-editor\" data-id=\"3e1bff8\" data-element_type=\"widget\" data-e-type=\"widget\" data-settings=\"{&quot;_animation&quot;:&quot;fadeIn&quot;}\" data-widget_type=\"text-editor.default\">\n\t\t\t\t<div class=\"elementor-widget-container\">\n\t\t\t\t\t\t\t\t\t<h2><span style=\"color: #a1beff;\"><strong>VON DER VERORDNUNG BETROFFENE COOKIES UND AUSGENOMMENE COOKIES<\/strong><\/span><\/h2><p>Mit der \u00c4nderung des \"Ley de Servicios de la Sociedad de la Informaci\u00f3n\" (LSSICE), die durch das k\u00f6nigliche Dekret 13\/2012 eingef\u00fchrt wurde, ist es zwingend erforderlich, die ausdr\u00fcckliche Zustimmung des Benutzers aller Websites, die entbehrliche Cookies verwenden, einzuholen, bevor der Benutzer sie besucht.\u00a0<\/p><p>Die Cookies, die die informierte Zustimmung des Nutzers erfordern, sind analytische Cookies und Werbe- und Affiliation-Cookies, mit Ausnahme derjenigen, die technischer Natur sind und derjenigen, die f\u00fcr den Betrieb der Website oder die Erbringung der vom Nutzer ausdr\u00fccklich gew\u00fcnschten Dienstleistungen erforderlich sind.<\/p>\t\t\t\t\t\t\t\t<\/div>\n\t\t\t\t<\/div>\n\t\t\t\t<div class=\"elementor-element elementor-element-8be7cd1 animated-slow elementor-invisible elementor-widget elementor-widget-text-editor\" data-id=\"8be7cd1\" data-element_type=\"widget\" data-e-type=\"widget\" data-settings=\"{&quot;_animation&quot;:&quot;fadeIn&quot;}\" data-widget_type=\"text-editor.default\">\n\t\t\t\t<div class=\"elementor-widget-container\">\n\t\t\t\t\t\t\t\t\t<h2><span style=\"color: #a1beff;\"><strong>WELCHE ARTEN VON COOKIES GIBT ES?<\/strong><\/span><\/h2><p>Es gibt verschiedene Arten von Cookies. \u00a0<\/p><p>Auf einer ersten Ebene k\u00f6nnen wir unterscheiden zwischen:<\/p><p class=\"translation-block\">- <strong>Eigene Cookies: <\/strong>Sie geh\u00f6ren dem Eigent\u00fcmer der Website und werden von ihm verwaltet.<\/p><p class=\"translation-block\">- <strong>Cookies von Drittanbietern: <\/strong>Sie geh\u00f6ren zu Dritten au\u00dferhalb des Eigent\u00fcmers und werden von diesen verwaltet. \u00a0<\/p><p class=\"translation-block\">Cookies k\u00f6nnen von \"<strong>Session<\/strong>\" sein, so dass sie gel\u00f6scht werden, sobald der Benutzer die Website verl\u00e4sst, die sie erzeugt hat, oder \"<strong>persistent<\/strong>\", die auf Ihrem Computer eine programmierte Zeit bleiben, die Jahre erreichen kann.<\/p><p>Dar\u00fcber hinaus k\u00f6nnen Cookies nach dem Zweck, f\u00fcr den sie erstellt wurden, klassifiziert werden:\u00a0<\/p><p class=\"translation-block\">- <strong>Technische und funktionale Cookies: <\/strong>sind diejenigen, die f\u00fcr die Nutzung der Website und f\u00fcr die Bereitstellung der Dienstleistung unbedingt erforderlich sind.<\/p><p class=\"translation-block\">- <strong>Analyse-Cookies:<\/strong> Wir verwenden Analyse-Cookies, um zu verstehen, wie Benutzer unsere Website nutzen. Wir verwenden sie zum Beispiel, um die Anzahl der verschiedenen Personen zu z\u00e4hlen, die unsere Website besuchen oder eine bestimmte Funktion nutzen, und nicht die Gesamtzahl der Nutzung der Website oder der Funktion. Ohne dieses Cookie w\u00fcrden wir Sie, wenn Sie die Website drei Wochen lang einmal pro Woche besuchen, als drei verschiedene Benutzer z\u00e4hlen. Ohne diese Cookies w\u00e4re es f\u00fcr uns sehr schwierig, die Leistung unserer Website zu analysieren und sie zu verbessern.<\/p><p class=\"translation-block\">- <strong>Anpassungs-Cookies: <\/strong>erlauben es dem Benutzer, das Design, die Sprache, die Einstellungen usw. Ihres Browsers zu konfigurieren.<\/p><p class=\"translation-block\">- <strong>Werbe- und Verhaltens-Cookies: <\/strong>werden verwendet, um eine effektive Verwaltung von Werbefl\u00e4chen durchzuf\u00fchren, die in einer Website oder Anwendung enthalten sind, von der aus der Service bereitgestellt wird. Sie sind n\u00fctzlich, um die angebotene Werbung an die Interessen der Nutzer anzupassen, da sie Informationen \u00fcber deren Vorlieben sammeln. Sie werden in Marketingtechniken wie Retargeting eingesetzt.<\/p><p class=\"translation-block\">- <strong>Affiliate-Cookies: <\/strong>Verfolgen Besuche von Websites, mit denen eine Website einen Partnerschaftsvertrag abgeschlossen hat.<\/p><h5><strong><u>Eigene Cookies, die von unserer Website verwendet werden,<\/u><\/strong><\/h5><ul><li class=\"translation-block\">Session-Cookies, um sicherzustellen, dass Benutzer, die Kommentare im Blog schreiben, Menschen sind und keine automatisierten Anwendungen. Auf diese Weise wird der <em>Spam<\/em> bek\u00e4mpft.<\/li><li>Einige der Cookies auf unserer Website sind unerl\u00e4sslich, damit wir den von Ihnen gew\u00fcnschten Service anbieten k\u00f6nnen. Beispiele hierf\u00fcr sind Cookies, die es Ihnen erm\u00f6glichen, sich in Ihr Konto auf der Website einzuloggen, Produkte in Ihren Einkaufskorb zu legen oder die Kommunikation zwischen Ihrem Browser und der Website zu erm\u00f6glichen.<\/li><\/ul><h5><strong><u>Cookies von Drittanbietern, die von unserer Website verwendet werden,<\/u><\/strong><\/h5><ul><li class=\"translation-block\">Google Analytics: Speichert <em>Cookies<\/em>, um Statistiken \u00fcber den Verkehr und das Volumen der Besuche auf dieser Website zu erstellen. Durch die Nutzung dieser Website erkl\u00e4ren Sie sich mit der Bearbeitung der \u00fcber Sie erhobenen Daten durch Google einverstanden. Daher sollte die Aus\u00fcbung aller diesbez\u00fcglichen Rechte durch direkte Kommunikation mit Google erfolgen.<\/li><li class=\"translation-block\">Soziale Netzwerke: Jedes soziale Netzwerk verwendet seine eigenen <em>Cookies<\/em>, damit Sie auf Schaltfl\u00e4chen wie <em>Like<\/em> oder <em>Share<\/em> klicken k\u00f6nnen.<\/li><\/ul>\t\t\t\t\t\t\t\t<\/div>\n\t\t\t\t<\/div>\n\t\t\t\t<div class=\"elementor-element elementor-element-a88e351 animated-slow elementor-invisible elementor-widget elementor-widget-text-editor\" data-id=\"a88e351\" data-element_type=\"widget\" data-e-type=\"widget\" data-settings=\"{&quot;_animation&quot;:&quot;fadeIn&quot;}\" data-widget_type=\"text-editor.default\">\n\t\t\t\t<div class=\"elementor-widget-container\">\n\t\t\t\t\t\t\t\t\t<h2><span style=\"color: #a1beff;\"><strong>WIE SIE BROWSER-COOKIES L\u00d6SCHEN<\/strong><\/span><\/h2><p><strong>1.<\/strong>\u00a0Sie k\u00f6nnen Cookies von unserer Website (oder jeder anderen) \u00fcber Ihren Browser einschr\u00e4nken, blockieren oder l\u00f6schen. In jedem Browser ist die Bedienung anders. Die 'Hilfe'-Funktion zeigt Ihnen, wie Sie dies tun k\u00f6nnen. Im Folgenden finden Sie jedoch eine Anleitung f\u00fcr den Benutzer, wie er auf das Konfigurationsmen\u00fc von Cookies und ggf. Private Browsing in jedem der g\u00e4ngigen Browser zugreifen kann:<\/p><p>Microsoft Edge: Extras -&gt; Internetoptionen -&gt; Datenschutz -&gt; Einstellungen. Weitere Informationen erhalten Sie beim Microsoft-Support oder in der Hilfe des Browsers.<\/p><p>Firefox: Extras -&gt; Optionen -&gt; Datenschutz -&gt; Verlauf -&gt; Benutzerdefinierte Einstellungen. F\u00fcr weitere Informationen k\u00f6nnen Sie den Mozilla-Support oder die Hilfe des Browsers konsultieren.<\/p><p>Chrome: Einstellungen -&gt; Erweiterte Optionen anzeigen -&gt; Datenschutz -&gt; Inhaltseinstellungen. F\u00fcr weitere Informationen k\u00f6nnen Sie den Google-Support oder die Hilfe des Browsers konsultieren.<\/p><p>Safari: Voreinstellungen -&gt; Sicherheit. F\u00fcr weitere Informationen k\u00f6nnen Sie den Apple-Support oder die Hilfe des Browsers konsultieren.<\/p><p><strong>2.<\/strong>\u00a0Mit Tools von Drittanbietern, wie Ghostery oder Your online choices (<a href=\"https:\/\/www.ghostery.com\/\" target=\"_blank\" rel=\"noopener\">www.ghostery.com<\/a>\u00a0\/\/\/\u00a0<a href=\"http:\/\/www.youronlinechoices.com\/es\/\" target=\"_blank\" rel=\"noopener\">www.youronlinechoices.com\/es\/<\/a>).<\/p><p><strong>Wenn Sie die Verwendung von Cookies auf unserer Website deaktivieren, kann dies die Funktionalit\u00e4t der Website beeintr\u00e4chtigen, zu Einschr\u00e4nkungen beim Browsen f\u00fchren oder in bestimmten F\u00e4llen sogar das Browsen verhindern.<\/strong><\/p>\t\t\t\t\t\t\t\t<\/div>\n\t\t\t\t<\/div>\n\t\t\t\t\t<\/div>\n\t\t<\/div>\n\t\t\t\t\t<\/div>\n\t\t<\/section>\n\t\t\t\t<section class=\"elementor-section elementor-top-section elementor-element elementor-element-0c499c9 elementor-section-stretched elementor-section-boxed elementor-section-height-default elementor-section-height-default\" data-id=\"0c499c9\" data-element_type=\"section\" data-e-type=\"section\" data-settings=\"{&quot;stretch_section&quot;:&quot;section-stretched&quot;}\">\n\t\t\t\t\t\t<div class=\"elementor-container elementor-column-gap-default\">\n\t\t\t\t\t<div class=\"elementor-column elementor-col-100 elementor-top-column elementor-element elementor-element-e740877\" data-id=\"e740877\" data-element_type=\"column\" data-e-type=\"column\">\n\t\t\t<div class=\"elementor-widget-wrap elementor-element-populated\">\n\t\t\t\t\t\t<div class=\"elementor-element elementor-element-b3e79ab elementor-widget elementor-widget-spacer\" data-id=\"b3e79ab\" data-element_type=\"widget\" data-e-type=\"widget\" data-widget_type=\"spacer.default\">\n\t\t\t\t<div class=\"elementor-widget-container\">\n\t\t\t\t\t\t\t<div class=\"elementor-spacer\">\n\t\t\t<div class=\"elementor-spacer-inner\"><\/div>\n\t\t<\/div>\n\t\t\t\t\t\t<\/div>\n\t\t\t\t<\/div>\n\t\t\t\t\t<\/div>\n\t\t<\/div>\n\t\t\t\t\t<\/div>\n\t\t<\/section>\n\t\t\t\t<\/div>","protected":false},"excerpt":{"rendered":"<p>POL\u00cdTICA DE COOKIES \u00bfQU\u00c9 SON LAS COOKIES? Las cookies y otras tecnolog\u00edas similares tales como local shared objects, flash cookies o p\u00edxeles,\u00a0son peque\u00f1os archivos\u00a0que algunas plataformas, como las p\u00e1ginas web, pueden instalar en el equipo del usuario (ordenador, tablet, smartphone, etc.). \u00a0 Sus funciones\u00a0pueden ser muy variadas: almacenar tus preferencias de navegaci\u00f3n, recopilar informaci\u00f3n estad\u00edstica, [&hellip;]<\/p>","protected":false},"author":1,"featured_media":0,"parent":0,"menu_order":0,"comment_status":"closed","ping_status":"closed","template":"","meta":{"footnotes":""},"class_list":["post-1334","page","type-page","status-publish","hentry","entry"],"_links":{"self":[{"href":"http:\/\/tapicerianautica.com\/de\/wp-json\/wp\/v2\/pages\/1334","targetHints":{"allow":["GET"]}}],"collection":[{"href":"http:\/\/tapicerianautica.com\/de\/wp-json\/wp\/v2\/pages"}],"about":[{"href":"http:\/\/tapicerianautica.com\/de\/wp-json\/wp\/v2\/types\/page"}],"author":[{"embeddable":true,"href":"http:\/\/tapicerianautica.com\/de\/wp-json\/wp\/v2\/users\/1"}],"replies":[{"embeddable":true,"href":"http:\/\/tapicerianautica.com\/de\/wp-json\/wp\/v2\/comments?post=1334"}],"version-history":[{"count":7,"href":"http:\/\/tapicerianautica.com\/de\/wp-json\/wp\/v2\/pages\/1334\/revisions"}],"predecessor-version":[{"id":1342,"href":"http:\/\/tapicerianautica.com\/de\/wp-json\/wp\/v2\/pages\/1334\/revisions\/1342"}],"wp:attachment":[{"href":"http:\/\/tapicerianautica.com\/de\/wp-json\/wp\/v2\/media?parent=1334"}],"curies":[{"name":"wp","href":"https:\/\/api.w.org\/{rel}","templated":true}]}}