{"id":3,"date":"2021-02-17T17:06:28","date_gmt":"2021-02-17T17:06:28","guid":{"rendered":"http:\/\/s279392999.mialojamiento.es\/?page_id=3"},"modified":"2021-05-06T17:53:39","modified_gmt":"2021-05-06T17:53:39","slug":"politica-privacidad","status":"publish","type":"page","link":"http:\/\/tapicerianautica.com\/de\/politica-privacidad","title":{"rendered":"Pol\u00edtica de privacidad"},"content":{"rendered":"<div data-elementor-type=\"wp-page\" data-elementor-id=\"3\" class=\"elementor elementor-3\">\n\t\t\t\t\t\t<section class=\"elementor-section elementor-top-section elementor-element elementor-element-7ebeb38 elementor-section-stretched elementor-section-boxed elementor-section-height-default elementor-section-height-default\" data-id=\"7ebeb38\" data-element_type=\"section\" data-e-type=\"section\" data-settings=\"{&quot;stretch_section&quot;:&quot;section-stretched&quot;}\">\n\t\t\t\t\t\t<div class=\"elementor-container elementor-column-gap-default\">\n\t\t\t\t\t<div class=\"elementor-column elementor-col-100 elementor-top-column elementor-element elementor-element-74d335c\" data-id=\"74d335c\" data-element_type=\"column\" data-e-type=\"column\">\n\t\t\t<div class=\"elementor-widget-wrap elementor-element-populated\">\n\t\t\t\t\t\t<div class=\"elementor-element elementor-element-abd7e74 elementor-widget elementor-widget-heading\" data-id=\"abd7e74\" data-element_type=\"widget\" data-e-type=\"widget\" data-widget_type=\"heading.default\">\n\t\t\t\t<div class=\"elementor-widget-container\">\n\t\t\t\t\t<h1 class=\"elementor-heading-title elementor-size-large\">PRIVACY-POLITIK<\/h1>\t\t\t\t<\/div>\n\t\t\t\t<\/div>\n\t\t\t\t<div class=\"elementor-element elementor-element-4602853 elementor-view-framed elementor-shape-circle elementor-widget elementor-widget-icon\" data-id=\"4602853\" data-element_type=\"widget\" data-e-type=\"widget\" data-widget_type=\"icon.default\">\n\t\t\t\t<div class=\"elementor-widget-container\">\n\t\t\t\t\t\t\t<div class=\"elementor-icon-wrapper\">\n\t\t\t<div class=\"elementor-icon\">\n\t\t\t<svg xmlns=\"http:\/\/www.w3.org\/2000\/svg\" xmlns:xlink=\"http:\/\/www.w3.org\/1999\/xlink\" id=\"Capa_1\" x=\"0px\" y=\"0px\" width=\"282px\" height=\"122.998px\" viewbox=\"0 0 282 122.998\" xml:space=\"preserve\"><g>\t<path fill=\"none\" d=\"M173.184,84.41c-0.717-0.401-1.137-0.203-1.459,0.573c-1.664,4.023-3.367,8.028-5.117,12.183   c7.893,0,15.529,0,23.658,0C185.172,91.606,179.311,87.831,173.184,84.41z\"><\/path>\t<path fill=\"none\" d=\"M105.535,84.704c-6.154,3.164-11.67,7.189-16.801,12.401c8.092,0,15.777,0,23.695,0   c-1.738-4.133-3.414-8.071-5.045-12.028C106.914,83.931,106.299,84.311,105.535,84.704z\"><\/path>\t<path fill=\"none\" d=\"M154.236,78.015c-2.523-0.364-5.027-0.912-7.563-1.164c-9.4-0.938-18.645-0.008-27.742,2.525   c-1.049,0.293-1.504,0.48-0.939,1.719c2.219,4.854,4.344,9.75,6.443,14.656c0.477,1.115,1.119,1.538,2.35,1.507   c3.355-0.083,6.713-0.028,10.07-0.028c3.438,0,6.875-0.043,10.311,0.024c1.129,0.022,1.705-0.331,2.127-1.407   c2.035-5.191,4.088-10.377,6.285-15.502C156.291,78.682,155.732,78.229,154.236,78.015z\"><\/path>\t<path fill=\"#000068\" d=\"M244.531,97.217c-0.811,0-1.686,0.229-2.576-0.286c0.582-0.443,1.025-0.781,1.469-1.117   c1.91-1.449,3.697-2.277,6.463-2.035c7.285,0.643,14.137-1.076,19.76-6.17c1.791-1.621,3.166-3.598,2.391-6.127   c-0.752-2.463-2.877-3.576-5.26-3.992c-7.229-1.26-14.238-0.248-20.055,4.189c-2.941,2.244-5.709,2.73-9,2.596   c-2.395-0.1-4.789-0.224-7.184-0.229c-1.408-0.003-2.359-0.505-3.195-1.67c-5.543-7.729-12.326-14.25-19.809-20.069   c-6.332-4.924-13.23-8.906-20.521-12.225c-1.209-0.551-2.289-1.141-2.057-2.804c0.242-1.735,0.441-3.486,0.498-5.235   c0.037-1.076,0.414-1.732,1.305-2.339c5.541-3.773,8.674-9.049,9.357-15.698c0.313-3.048-0.09-6.079-3.025-7.807   c-2.85-1.678-5.768-0.93-8.354,0.782c-5.363,3.554-8.834,8.67-9.188,14.981c-0.229,4.061-1.873,6.475-4.793,8.607   c-0.193,0.141-0.393,0.291-0.537,0.477c-1.309,1.677-2.949,1.838-4.926,1.358c-17.139-4.153-34.426-4.39-51.533-0.435   c-5.994,1.386-10.396,0.943-14.182-3.86c-0.098-0.124-0.227-0.226-0.352-0.326c-0.996-0.813-1.457-1.808-1.334-3.143   c0.27-2.942-0.455-5.743-1.721-8.347c-2.162-4.448-4.85-8.528-9.791-10.314c-5.336-1.929-9.154,0.604-9.342,6.245   c-0.205,6.212,2.123,11.688,6.92,15.389c3.33,2.57,4.205,5.431,4.092,9.139c-0.014,0.398-0.074,0.833,0.051,1.192   c0.77,2.18-0.385,3.025-2.211,3.895c-13.715,6.53-25.42,15.737-34.637,27.761c-2.852,3.719-5.645,5.285-10.096,4.731   c-1.549-0.192-2.74-0.487-4.047-1.509c-6.674-5.215-14.297-7-22.537-5.023c-5.141,1.232-6.184,5.49-2.582,9.443   c0.85,0.934,1.861,1.783,2.941,2.433c5.275,3.172,11.051,4.978,17.146,4.063c3.549-0.531,5.418,1.338,7.549,3.49   c-0.861,0-1.723,0-2.584,0c-9.238,0-18.475,0-27.713,0v10.512c14.242-0.014,28.486-0.026,42.729-0.027   c73.535-0.009,147.07-0.005,220.604-0.003V97.222C263.287,97.22,253.908,97.223,244.531,97.217z M88.734,97.105   c5.131-5.212,10.646-9.237,16.801-12.401c0.764-0.394,1.379-0.773,1.85,0.373c1.631,3.957,3.307,7.896,5.045,12.028   C104.512,97.105,96.826,97.105,88.734,97.105z M155.578,80.345c-2.197,5.125-4.25,10.311-6.285,15.502   c-0.422,1.076-0.998,1.43-2.127,1.407c-3.436-0.067-6.873-0.024-10.311-0.024c-3.357,0-6.715-0.055-10.07,0.028   c-1.23,0.031-1.873-0.392-2.35-1.507c-2.1-4.906-4.225-9.803-6.443-14.656c-0.564-1.238-0.109-1.426,0.939-1.719   c9.098-2.533,18.342-3.463,27.742-2.525c2.535,0.252,5.039,0.8,7.563,1.164C155.732,78.229,156.291,78.682,155.578,80.345z    M166.607,97.166c1.75-4.154,3.453-8.159,5.117-12.183c0.322-0.776,0.742-0.975,1.459-0.573   c6.127,3.421,11.988,7.196,17.082,12.756C182.137,97.166,174.5,97.166,166.607,97.166z\"><\/path><\/g><\/svg>\t\t\t<\/div>\n\t\t<\/div>\n\t\t\t\t\t\t<\/div>\n\t\t\t\t<\/div>\n\t\t\t\t<div class=\"elementor-element elementor-element-af35fa8 elementor-widget elementor-widget-spacer\" data-id=\"af35fa8\" data-element_type=\"widget\" data-e-type=\"widget\" data-widget_type=\"spacer.default\">\n\t\t\t\t<div class=\"elementor-widget-container\">\n\t\t\t\t\t\t\t<div class=\"elementor-spacer\">\n\t\t\t<div class=\"elementor-spacer-inner\"><\/div>\n\t\t<\/div>\n\t\t\t\t\t\t<\/div>\n\t\t\t\t<\/div>\n\t\t\t\t\t<\/div>\n\t\t<\/div>\n\t\t\t\t\t<\/div>\n\t\t<\/section>\n\t\t\t\t<section class=\"elementor-section elementor-top-section elementor-element elementor-element-7c8553d elementor-section-stretched elementor-section-boxed elementor-section-height-default elementor-section-height-default\" data-id=\"7c8553d\" data-element_type=\"section\" data-e-type=\"section\" data-settings=\"{&quot;stretch_section&quot;:&quot;section-stretched&quot;}\">\n\t\t\t\t\t\t<div class=\"elementor-container elementor-column-gap-default\">\n\t\t\t\t\t<div class=\"elementor-column elementor-col-100 elementor-top-column elementor-element elementor-element-09959c9\" data-id=\"09959c9\" data-element_type=\"column\" data-e-type=\"column\">\n\t\t\t<div class=\"elementor-widget-wrap elementor-element-populated\">\n\t\t\t\t\t\t<div class=\"elementor-element elementor-element-5b87b85 animated-slow elementor-invisible elementor-widget elementor-widget-text-editor\" data-id=\"5b87b85\" data-element_type=\"widget\" data-e-type=\"widget\" data-settings=\"{&quot;_animation&quot;:&quot;fadeIn&quot;}\" data-widget_type=\"text-editor.default\">\n\t\t\t\t<div class=\"elementor-widget-container\">\n\t\t\t\t\t\t\t\t\t<p>Letzte Aktualisierung: Mai 2021<\/p><h2><span style=\"color: #a1beff;\"><strong>1. BENUTZERINFORMATIONEN<\/strong><\/span><\/h2><p class=\"translation-block\"><strong>Tapicer\u00eda N\u00e1utica, C.B.<\/strong>, als Datenverantwortlicher, informiert Sie, dass wir Ihre Daten in \u00dcbereinstimmung mit den Bestimmungen der Verordnung (EU) 2016\/679, vom 27. April, (RGPD) und der L.O. 3\/2018, vom 5. Dezember, \u00fcber den Datenschutz und die Garantie der digitalen Rechte (LOPDGDD), so behandeln werden, wie wir es in dieser Datenschutzrichtlinie wiedergeben.<\/p><p>In dieser Datenschutzrichtlinie beschreiben wir, wie und warum wir Ihre personenbezogenen Daten erfassen, was wir damit tun, an wen wir sie weitergeben, wie wir sie sch\u00fctzen und welche M\u00f6glichkeiten Sie haben, wie wir Ihre personenbezogenen Daten behandeln.<\/p><p>Diese Richtlinie gilt f\u00fcr die Verarbeitung Ihrer personenbezogenen Daten, die das Unternehmen f\u00fcr die Erbringung seiner Dienstleistungen erfasst. Wenn Sie die Ma\u00dfnahmen in dieser Richtlinie akzeptieren, stimmen Sie unserer Verarbeitung Ihrer personenbezogenen Daten wie in dieser Richtlinie definiert zu.<\/p><h2><span style=\"color: #a1beff;\"><strong>2. KONTAKT<\/strong><\/span><\/h2><p>Firmenname:\u00a0<strong>Tapicer\u00eda N\u00e1utica, C.B.<\/strong><br \/>Markenname:\u00a0<strong>Tapicer\u00eda N\u00e1utica<\/strong><br \/>CIF: <strong>E73217028<\/strong><br \/>Adresse: <strong>Av. Dr. Artero Guirao, 79, San Pedro del Pinatar (Murcia)<\/strong><br \/>e-mail: <strong>info@tapicerianautica.com<\/strong>\u00a0<\/p><h2><span style=\"color: #a1beff;\"><strong>3. SCHL\u00dcSSELPRINZIPIEN<\/strong><\/span><\/h2><p>Wir sind seit jeher bestrebt, unsere Dienstleistungen mit einem H\u00f6chstma\u00df an Qualit\u00e4t zu erbringen, wozu auch der sichere und transparente Umgang mit Ihren Daten geh\u00f6rt. Unsere Grunds\u00e4tze sind:<\/p><ul><li class=\"translation-block\"><strong>Legalit\u00e4t<\/strong>: Wir werden Ihre personenbezogenen Daten nur f\u00fcr festgelegte, eindeutige und rechtm\u00e4\u00dfige Zwecke erheben.<\/li><li class=\"translation-block\"><strong>Datenminimierung<\/strong>: Wir beschr\u00e4nken die Erhebung von personenbezogenen Daten auf das, was f\u00fcr die Zwecke, f\u00fcr die sie erhoben wurden, unbedingt relevant und notwendig ist.<\/li><li class=\"translation-block\"><strong>Zweckbindung<\/strong>: Wir werden Ihre personenbezogenen Daten nur zu den angegebenen Zwecken und nur nach Ihren W\u00fcnschen erheben.<\/li><li class=\"translation-block\"><strong>Genauigkeit<\/strong>: Wir halten Ihre pers\u00f6nlichen Daten genau und auf dem neuesten Stand.<\/li><li class=\"translation-block\"><strong>Datensicherheit<\/strong>: Wir setzen angemessene technische und organisatorische Ma\u00dfnahmen im Verh\u00e4ltnis zu den Risiken ein, um sicherzustellen, dass Ihre Daten nicht besch\u00e4digt werden, wie z.B. unberechtigte Offenlegung oder Zugriff, versehentliche oder unrechtm\u00e4\u00dfige Zerst\u00f6rung oder versehentlicher Verlust oder \u00c4nderung und jede andere Form der unrechtm\u00e4\u00dfigen Verarbeitung.<\/li><li class=\"translation-block\"><strong>Zugang und Berichtigung<\/strong>: Wir haben die M\u00f6glichkeit, auf Ihre Daten zuzugreifen oder sie zu berichtigen, wenn es uns angemessen erscheint.<\/li><li class=\"translation-block\"><strong>Aufbewahrung<\/strong>: Wir bewahren Ihre personenbezogenen Daten in rechtm\u00e4\u00dfiger und angemessener Weise und nur so lange auf, wie es f\u00fcr die Zwecke, f\u00fcr die sie erhoben wurden, erforderlich ist.<\/li><li class=\"translation-block\"><strong>Internationale \u00dcbertragungen<\/strong>: Wenn Ihre Daten au\u00dferhalb der EU\/EWR \u00fcbertragen werden sollen, werden sie angemessen gesch\u00fctzt.<\/li><li class=\"translation-block\"><strong>Dritte<\/strong>: Der Zugriff auf und die \u00dcbermittlung von personenbezogenen Daten an Dritte erfolgt in \u00dcbereinstimmung mit den geltenden Gesetzen und Vorschriften und mit angemessenen vertraglichen Schutzma\u00dfnahmen.<\/li><li class=\"translation-block\"><strong>Direktmarketing und Cookies<\/strong>: Wir halten uns an die geltenden Gesetze zu Werbung und Cookies.<\/li><\/ul><h2><span style=\"color: #a1beff;\"><strong>4. ERHEBUNG UND VERARBEITUNG IHRER PERSONENBEZOGENEN DATEN<\/strong><\/span><\/h2><p>Die Arten von Daten, die abgefragt und verarbeitet werden k\u00f6nnen, sind:<\/p><ul><li>Daten mit identifizierendem Charakter.<\/li><\/ul><p>Wir sammeln auch automatisch Daten \u00fcber Ihren Besuch auf unserer Website, wie in der Cookie-Richtlinie beschrieben.<\/p><p>Wann immer wir Ihre pers\u00f6nlichen Daten abfragen, werden wir Ihnen deutlich machen, welche pers\u00f6nlichen Daten wir sammeln und zu welchem Zweck. Im Allgemeinen erheben und verarbeiten wir Ihre personenbezogenen Daten zum Zweck der:<\/p><ul><li>Bereitstellung von Informationen, Dienstleistungen, Produkten, relevanten Informationen und Neuigkeiten in der Branche.<\/li><li>Senden von Mitteilungen.<\/li><\/ul><h2><span style=\"color: #a1beff;\"><strong>5. LEGITIMIT\u00c4T<\/strong><\/span><\/h2><p>In \u00dcbereinstimmung mit den geltenden Datenschutzbestimmungen d\u00fcrfen Ihre personenbezogenen Daten verarbeitet werden, sofern:<\/p><ul><li>Sie haben uns Ihre Einwilligung f\u00fcr die Zwecke der Verarbeitung gegeben. Selbstverst\u00e4ndlich k\u00f6nnen Sie Ihre Einwilligung jederzeit widerrufen.<\/li><li>Nach gesetzlicher Vorschrift.<\/li><li>Weil ein berechtigtes Interesse besteht, das nicht durch Ihre Datenschutzrechte beeintr\u00e4chtigt wird, wie z.B. die Zusendung von kommerziellen Informationen durch das Abonnieren unseres Newsletters oder durch Ihren Status als Kunde.<\/li><li>Weil es f\u00fcr die Erbringung einer unserer Dienstleistungen im Rahmen einer vertraglichen Beziehung zwischen Ihnen und uns erforderlich ist.<\/li><\/ul><h2><span style=\"color: #a1beff;\"><strong>6. \u00dcBERMITTLUNG VON PERSONENBEZOGENEN DATEN<\/strong><\/span><\/h2><p class=\"translation-block\">Die Daten k\u00f6nnen an mit <strong>Tapicer\u00eda N\u00e1utica, C.B.<\/strong> verbundene Unternehmen zur Erbringung verschiedener Dienstleistungen als Datenverarbeiter weitergegeben werden. Das Unternehmen wird keine Weitergabe vornehmen, es sei denn, es besteht eine gesetzliche Verpflichtung.<\/p><h2><span style=\"color: #a1beff;\"><strong>7. IHRE RECHTE<\/strong><\/span><\/h2><p>Im Zusammenhang mit der Erhebung und Verarbeitung Ihrer personenbezogenen Daten k\u00f6nnen Sie sich jederzeit an uns wenden:<\/p><ul><li>Zugang zu Ihren pers\u00f6nlichen Daten und allen anderen Informationen, die in Artikel 15.1 der GDPR angegeben sind.<\/li><li>Ihre personenbezogenen Daten, die unrichtig oder unvollst\u00e4ndig sind, in \u00dcbereinstimmung mit Artikel 16 der DSGVO zu berichtigen.<\/li><li>Ihre pers\u00f6nlichen Daten in \u00dcbereinstimmung mit Artikel 17 der GDPR zu l\u00f6schen.<\/li><li>Die Verarbeitung Ihrer personenbezogenen Daten gem\u00e4\u00df Artikel 18 der GDPR einzuschr\u00e4nken.<\/li><li>die \u00dcbertragbarkeit Ihrer Daten in \u00dcbereinstimmung mit Artikel 20 der DSGVO zu beantragen.<\/li><li>Widerspruch gegen die Verarbeitung Ihrer personenbezogenen Daten gem\u00e4\u00df Artikel 21 der DSGVO einlegen.<\/li><\/ul><p class=\"translation-block\">Wenn Sie Ihre Einwilligung f\u00fcr einen bestimmten Zweck erteilt haben, haben Sie das Recht, Ihre Einwilligung jederzeit zu widerrufen, ohne dass die Rechtm\u00e4\u00dfigkeit der aufgrund der Einwilligung bis zum Widerruf erfolgten Verarbeitung <a href=\"https:\/\/presencialismo.com\/\" target=\"_self\">rrhh<\/a> ber\u00fchrt wird.<\/p><p>Sie k\u00f6nnen diese Rechte aus\u00fcben, indem Sie eine begr\u00fcndete und akkreditierte Mitteilung an info@tapicerianautica.com senden.<\/p><p class=\"translation-block\">Sie haben au\u00dferdem das Recht, sich bei der zust\u00e4ndigen Aufsichtsbeh\u00f6rde (<a href=\"https:\/\/aepd.es\/\" target=\"_self\">www.aepd.es<\/a>) zu beschweren, wenn Sie der Meinung sind, dass die Verarbeitung nicht mit den geltenden Vorschriften \u00fcbereinstimmt.<\/p><h2><span style=\"color: #a1beff;\"><strong>8. RECHTLICHE HINWEISE<\/strong><\/span><\/h2><p>Die Anforderungen dieser Richtlinie erg\u00e4nzen und ersetzen nicht andere Anforderungen, die nach geltendem Datenschutzrecht bestehen, welches in jedem Fall Vorrang hat.<\/p><p>Diese Richtlinie unterliegt einer regelm\u00e4\u00dfigen \u00dcberpr\u00fcfung und kann vom Unternehmen jederzeit ge\u00e4ndert werden. Wenn dies geschieht, werden wir Sie \u00fcber alle \u00c4nderungen informieren und Sie bitten, die neueste Version unserer Richtlinie erneut zu lesen und Ihre Zustimmung zu best\u00e4tigen.<\/p>\t\t\t\t\t\t\t\t<\/div>\n\t\t\t\t<\/div>\n\t\t\t\t\t<\/div>\n\t\t<\/div>\n\t\t\t\t\t<\/div>\n\t\t<\/section>\n\t\t\t\t<section class=\"elementor-section elementor-top-section elementor-element elementor-element-e4029e5 elementor-section-stretched elementor-section-boxed elementor-section-height-default elementor-section-height-default\" data-id=\"e4029e5\" data-element_type=\"section\" data-e-type=\"section\" data-settings=\"{&quot;stretch_section&quot;:&quot;section-stretched&quot;}\">\n\t\t\t\t\t\t<div class=\"elementor-container elementor-column-gap-default\">\n\t\t\t\t\t<div class=\"elementor-column elementor-col-100 elementor-top-column elementor-element elementor-element-0da77b0\" data-id=\"0da77b0\" data-element_type=\"column\" data-e-type=\"column\">\n\t\t\t<div class=\"elementor-widget-wrap elementor-element-populated\">\n\t\t\t\t\t\t<div class=\"elementor-element elementor-element-91324ef elementor-widget elementor-widget-spacer\" data-id=\"91324ef\" data-element_type=\"widget\" data-e-type=\"widget\" data-widget_type=\"spacer.default\">\n\t\t\t\t<div class=\"elementor-widget-container\">\n\t\t\t\t\t\t\t<div class=\"elementor-spacer\">\n\t\t\t<div class=\"elementor-spacer-inner\"><\/div>\n\t\t<\/div>\n\t\t\t\t\t\t<\/div>\n\t\t\t\t<\/div>\n\t\t\t\t\t<\/div>\n\t\t<\/div>\n\t\t\t\t\t<\/div>\n\t\t<\/section>\n\t\t\t\t<\/div>","protected":false},"excerpt":{"rendered":"<p>POL\u00cdTICA DE PRIVACIDAD \u00daltima actualizaci\u00f3n: Mayo 2021. 1. INFORMACI\u00d3N AL USUARIO Tapicer\u00eda N\u00e1utica, C.B., como Responsable del Tratamiento, le informa que, seg\u00fan lo dispuesto en el Reglamento (UE) 2016\/679, de 27 de abril, (RGPD) y en la L.O. 3\/2018, de 5 de diciembre, de protecci\u00f3n de datos y garant\u00eda de los derechos digitales (LOPDGDD), trataremos [&hellip;]<\/p>","protected":false},"author":1,"featured_media":0,"parent":0,"menu_order":0,"comment_status":"closed","ping_status":"open","template":"","meta":{"footnotes":""},"class_list":["post-3","page","type-page","status-publish","hentry","entry"],"_links":{"self":[{"href":"http:\/\/tapicerianautica.com\/de\/wp-json\/wp\/v2\/pages\/3","targetHints":{"allow":["GET"]}}],"collection":[{"href":"http:\/\/tapicerianautica.com\/de\/wp-json\/wp\/v2\/pages"}],"about":[{"href":"http:\/\/tapicerianautica.com\/de\/wp-json\/wp\/v2\/types\/page"}],"author":[{"embeddable":true,"href":"http:\/\/tapicerianautica.com\/de\/wp-json\/wp\/v2\/users\/1"}],"replies":[{"embeddable":true,"href":"http:\/\/tapicerianautica.com\/de\/wp-json\/wp\/v2\/comments?post=3"}],"version-history":[{"count":8,"href":"http:\/\/tapicerianautica.com\/de\/wp-json\/wp\/v2\/pages\/3\/revisions"}],"predecessor-version":[{"id":1375,"href":"http:\/\/tapicerianautica.com\/de\/wp-json\/wp\/v2\/pages\/3\/revisions\/1375"}],"wp:attachment":[{"href":"http:\/\/tapicerianautica.com\/de\/wp-json\/wp\/v2\/media?parent=3"}],"curies":[{"name":"wp","href":"https:\/\/api.w.org\/{rel}","templated":true}]}}