{"id":1334,"date":"2021-05-03T15:12:30","date_gmt":"2021-05-03T15:12:30","guid":{"rendered":"http:\/\/s279392999.mialojamiento.es\/?page_id=1334"},"modified":"2021-05-03T15:30:14","modified_gmt":"2021-05-03T15:30:14","slug":"politica-de-cookies","status":"publish","type":"page","link":"http:\/\/tapicerianautica.com\/en\/politica-de-cookies","title":{"rendered":"Cookies Policy"},"content":{"rendered":"<div data-elementor-type=\"wp-page\" data-elementor-id=\"1334\" class=\"elementor elementor-1334\">\n\t\t\t\t\t\t<section class=\"elementor-section elementor-top-section elementor-element elementor-element-89892f5 elementor-section-stretched elementor-section-boxed elementor-section-height-default elementor-section-height-default\" data-id=\"89892f5\" data-element_type=\"section\" data-e-type=\"section\" data-settings=\"{&quot;stretch_section&quot;:&quot;section-stretched&quot;}\">\n\t\t\t\t\t\t<div class=\"elementor-container elementor-column-gap-default\">\n\t\t\t\t\t<div class=\"elementor-column elementor-col-100 elementor-top-column elementor-element elementor-element-753ad13\" data-id=\"753ad13\" data-element_type=\"column\" data-e-type=\"column\">\n\t\t\t<div class=\"elementor-widget-wrap elementor-element-populated\">\n\t\t\t\t\t\t<div class=\"elementor-element elementor-element-54f30d5 elementor-widget elementor-widget-heading\" data-id=\"54f30d5\" data-element_type=\"widget\" data-e-type=\"widget\" data-widget_type=\"heading.default\">\n\t\t\t\t<div class=\"elementor-widget-container\">\n\t\t\t\t\t<h1 class=\"elementor-heading-title elementor-size-large\">COOKIES POLICY<\/h1>\t\t\t\t<\/div>\n\t\t\t\t<\/div>\n\t\t\t\t<div class=\"elementor-element elementor-element-cec73dd elementor-view-framed elementor-shape-circle elementor-widget elementor-widget-icon\" data-id=\"cec73dd\" data-element_type=\"widget\" data-e-type=\"widget\" data-widget_type=\"icon.default\">\n\t\t\t\t<div class=\"elementor-widget-container\">\n\t\t\t\t\t\t\t<div class=\"elementor-icon-wrapper\">\n\t\t\t<div class=\"elementor-icon\">\n\t\t\t<svg xmlns=\"http:\/\/www.w3.org\/2000\/svg\" xmlns:xlink=\"http:\/\/www.w3.org\/1999\/xlink\" id=\"Capa_1\" x=\"0px\" y=\"0px\" width=\"282px\" height=\"122.998px\" viewbox=\"0 0 282 122.998\" xml:space=\"preserve\"><g>\t<path fill=\"none\" d=\"M173.184,84.41c-0.717-0.401-1.137-0.203-1.459,0.573c-1.664,4.023-3.367,8.028-5.117,12.183   c7.893,0,15.529,0,23.658,0C185.172,91.606,179.311,87.831,173.184,84.41z\"><\/path>\t<path fill=\"none\" d=\"M105.535,84.704c-6.154,3.164-11.67,7.189-16.801,12.401c8.092,0,15.777,0,23.695,0   c-1.738-4.133-3.414-8.071-5.045-12.028C106.914,83.931,106.299,84.311,105.535,84.704z\"><\/path>\t<path fill=\"none\" d=\"M154.236,78.015c-2.523-0.364-5.027-0.912-7.563-1.164c-9.4-0.938-18.645-0.008-27.742,2.525   c-1.049,0.293-1.504,0.48-0.939,1.719c2.219,4.854,4.344,9.75,6.443,14.656c0.477,1.115,1.119,1.538,2.35,1.507   c3.355-0.083,6.713-0.028,10.07-0.028c3.438,0,6.875-0.043,10.311,0.024c1.129,0.022,1.705-0.331,2.127-1.407   c2.035-5.191,4.088-10.377,6.285-15.502C156.291,78.682,155.732,78.229,154.236,78.015z\"><\/path>\t<path fill=\"#000068\" d=\"M244.531,97.217c-0.811,0-1.686,0.229-2.576-0.286c0.582-0.443,1.025-0.781,1.469-1.117   c1.91-1.449,3.697-2.277,6.463-2.035c7.285,0.643,14.137-1.076,19.76-6.17c1.791-1.621,3.166-3.598,2.391-6.127   c-0.752-2.463-2.877-3.576-5.26-3.992c-7.229-1.26-14.238-0.248-20.055,4.189c-2.941,2.244-5.709,2.73-9,2.596   c-2.395-0.1-4.789-0.224-7.184-0.229c-1.408-0.003-2.359-0.505-3.195-1.67c-5.543-7.729-12.326-14.25-19.809-20.069   c-6.332-4.924-13.23-8.906-20.521-12.225c-1.209-0.551-2.289-1.141-2.057-2.804c0.242-1.735,0.441-3.486,0.498-5.235   c0.037-1.076,0.414-1.732,1.305-2.339c5.541-3.773,8.674-9.049,9.357-15.698c0.313-3.048-0.09-6.079-3.025-7.807   c-2.85-1.678-5.768-0.93-8.354,0.782c-5.363,3.554-8.834,8.67-9.188,14.981c-0.229,4.061-1.873,6.475-4.793,8.607   c-0.193,0.141-0.393,0.291-0.537,0.477c-1.309,1.677-2.949,1.838-4.926,1.358c-17.139-4.153-34.426-4.39-51.533-0.435   c-5.994,1.386-10.396,0.943-14.182-3.86c-0.098-0.124-0.227-0.226-0.352-0.326c-0.996-0.813-1.457-1.808-1.334-3.143   c0.27-2.942-0.455-5.743-1.721-8.347c-2.162-4.448-4.85-8.528-9.791-10.314c-5.336-1.929-9.154,0.604-9.342,6.245   c-0.205,6.212,2.123,11.688,6.92,15.389c3.33,2.57,4.205,5.431,4.092,9.139c-0.014,0.398-0.074,0.833,0.051,1.192   c0.77,2.18-0.385,3.025-2.211,3.895c-13.715,6.53-25.42,15.737-34.637,27.761c-2.852,3.719-5.645,5.285-10.096,4.731   c-1.549-0.192-2.74-0.487-4.047-1.509c-6.674-5.215-14.297-7-22.537-5.023c-5.141,1.232-6.184,5.49-2.582,9.443   c0.85,0.934,1.861,1.783,2.941,2.433c5.275,3.172,11.051,4.978,17.146,4.063c3.549-0.531,5.418,1.338,7.549,3.49   c-0.861,0-1.723,0-2.584,0c-9.238,0-18.475,0-27.713,0v10.512c14.242-0.014,28.486-0.026,42.729-0.027   c73.535-0.009,147.07-0.005,220.604-0.003V97.222C263.287,97.22,253.908,97.223,244.531,97.217z M88.734,97.105   c5.131-5.212,10.646-9.237,16.801-12.401c0.764-0.394,1.379-0.773,1.85,0.373c1.631,3.957,3.307,7.896,5.045,12.028   C104.512,97.105,96.826,97.105,88.734,97.105z M155.578,80.345c-2.197,5.125-4.25,10.311-6.285,15.502   c-0.422,1.076-0.998,1.43-2.127,1.407c-3.436-0.067-6.873-0.024-10.311-0.024c-3.357,0-6.715-0.055-10.07,0.028   c-1.23,0.031-1.873-0.392-2.35-1.507c-2.1-4.906-4.225-9.803-6.443-14.656c-0.564-1.238-0.109-1.426,0.939-1.719   c9.098-2.533,18.342-3.463,27.742-2.525c2.535,0.252,5.039,0.8,7.563,1.164C155.732,78.229,156.291,78.682,155.578,80.345z    M166.607,97.166c1.75-4.154,3.453-8.159,5.117-12.183c0.322-0.776,0.742-0.975,1.459-0.573   c6.127,3.421,11.988,7.196,17.082,12.756C182.137,97.166,174.5,97.166,166.607,97.166z\"><\/path><\/g><\/svg>\t\t\t<\/div>\n\t\t<\/div>\n\t\t\t\t\t\t<\/div>\n\t\t\t\t<\/div>\n\t\t\t\t<div class=\"elementor-element elementor-element-6cae8fe elementor-widget elementor-widget-spacer\" data-id=\"6cae8fe\" data-element_type=\"widget\" data-e-type=\"widget\" data-widget_type=\"spacer.default\">\n\t\t\t\t<div class=\"elementor-widget-container\">\n\t\t\t\t\t\t\t<div class=\"elementor-spacer\">\n\t\t\t<div class=\"elementor-spacer-inner\"><\/div>\n\t\t<\/div>\n\t\t\t\t\t\t<\/div>\n\t\t\t\t<\/div>\n\t\t\t\t\t<\/div>\n\t\t<\/div>\n\t\t\t\t\t<\/div>\n\t\t<\/section>\n\t\t\t\t<section class=\"elementor-section elementor-top-section elementor-element elementor-element-80cd7fb elementor-section-stretched elementor-section-boxed elementor-section-height-default elementor-section-height-default\" data-id=\"80cd7fb\" data-element_type=\"section\" data-e-type=\"section\" data-settings=\"{&quot;stretch_section&quot;:&quot;section-stretched&quot;}\">\n\t\t\t\t\t\t<div class=\"elementor-container elementor-column-gap-default\">\n\t\t\t\t\t<div class=\"elementor-column elementor-col-100 elementor-top-column elementor-element elementor-element-0ae94d6\" data-id=\"0ae94d6\" data-element_type=\"column\" data-e-type=\"column\">\n\t\t\t<div class=\"elementor-widget-wrap elementor-element-populated\">\n\t\t\t\t\t\t<div class=\"elementor-element elementor-element-eabc1da animated-slow elementor-invisible elementor-widget elementor-widget-text-editor\" data-id=\"eabc1da\" data-element_type=\"widget\" data-e-type=\"widget\" data-settings=\"{&quot;_animation&quot;:&quot;fadeIn&quot;}\" data-widget_type=\"text-editor.default\">\n\t\t\t\t<div class=\"elementor-widget-container\">\n\t\t\t\t\t\t\t\t\t<h2><span style=\"color: #a1beff;\"><strong>WHAT ARE COOKIES?<\/strong><\/span><\/h2><p class=\"translation-block\">Cookies and other similar technologies such as local shared objects, flash cookies or pixels, <strong>are small files<\/strong> that some platforms, such as websites, can install on the user's equipment (computer, tablet, smartphone, etc.). \u00a0<\/p><p class=\"translation-block\"><strong>Their functions<\/strong> can be very varied: store your browsing preferences, collect statistical information, enable certain technical functionalities...<\/p><p class=\"translation-block\">Sometimes, <strong>cookies are used<\/strong> to store basic information about the user's browsing habits or equipment, to the point, depending on the case, of being able to recognize the user.<\/p><p class=\"translation-block\">Cookies are <strong>useful <\/strong>for several reasons. From a technical point of view, they allow web pages to work in a more agile and adapted to your preferences, such as storing your language or the currency of your country.<\/p><p class=\"translation-block\">In addition, <strong>they help <strong>website operators<\/strong> to improve their services, thanks to the statistical information they collect through them.<\/p><p class=\"translation-block\">Finally, <strong>they serve<\/strong> to make the advertising we show you more efficient, thanks to which we can offer you our services free of charge. \u00a0<\/p><p class=\"translation-block\">For more information about cookies, visit <a href=\"http:\/\/www.youronlinechoices.com\/es\/\" target=\"_self\" rel=\"noopener\">Your Online Choices Espa\u00f1a\u00a0<\/a> or <a href=\"http:\/\/www.allaboutcookies.org\/es\/\" target=\"_self\" rel=\"noopener\">http:\/\/www.allaboutcookies.org\/es\/<\/a>.<\/p>\t\t\t\t\t\t\t\t<\/div>\n\t\t\t\t<\/div>\n\t\t\t\t<div class=\"elementor-element elementor-element-3e1bff8 animated-slow elementor-invisible elementor-widget elementor-widget-text-editor\" data-id=\"3e1bff8\" data-element_type=\"widget\" data-e-type=\"widget\" data-settings=\"{&quot;_animation&quot;:&quot;fadeIn&quot;}\" data-widget_type=\"text-editor.default\">\n\t\t\t\t<div class=\"elementor-widget-container\">\n\t\t\t\t\t\t\t\t\t<h2><span style=\"color: #a1beff;\"><strong>COOKIES AFFECTED BY THE REGULATION AND EXCEPTED COOKIES<\/strong><\/span><\/h2><p>With the modification of the \"Ley de Servicios de la Sociedad de la Informaci\u00f3n\" (LSSICE) established by the Royal Decree 13\/2012, it is mandatory to obtain the express consent of the user of all web pages that use dispensable cookies, before the user navigates through them.\u00a0<\/p><p>The cookies that require the user's informed consent are analytical cookies and advertising and affiliation cookies, with the exception of those of a technical nature and those necessary for the operation of the website or the provision of services expressly requested by the user.<\/p>\t\t\t\t\t\t\t\t<\/div>\n\t\t\t\t<\/div>\n\t\t\t\t<div class=\"elementor-element elementor-element-8be7cd1 animated-slow elementor-invisible elementor-widget elementor-widget-text-editor\" data-id=\"8be7cd1\" data-element_type=\"widget\" data-e-type=\"widget\" data-settings=\"{&quot;_animation&quot;:&quot;fadeIn&quot;}\" data-widget_type=\"text-editor.default\">\n\t\t\t\t<div class=\"elementor-widget-container\">\n\t\t\t\t\t\t\t\t\t<h2><span style=\"color: #a1beff;\"><strong>WHAT TYPES OF COOKIES ARE THERE?<\/strong><\/span><\/h2><p>There are different types of cookies. \u00a0<\/p><p>At a first level we can differentiate between:<\/p><p class=\"translation-block\">- <strong>Own cookies: <\/strong>They belong to and are managed by the owner of the website.<\/p><p class=\"translation-block\">- <strong>Third-party cookies: <\/strong>They belong to and are managed by third parties outside the owner.<\/p><p class=\"translation-block\">Cookies can be \"<strong>session<\/strong>\" cookies, which are deleted once the user leaves the web page that generated them, or \"<strong>persistent<\/strong>\" cookies, which remain on your computer for a programmed period of time that can last for years. \u00a0<\/p><p>In addition, cookies can be classified according to the purpose for which they were created:\u00a0<\/p><p class=\"translation-block\">- <strong>Technical and functional cookies: <\/strong>are those strictly necessary for the use of the site and for the provision of the service.<\/p><p class=\"translation-block\">- <strong>Analytics cookies:<\/strong> We use analytics cookies to help us understand how users use our website. For example, we use them to count the number of different people who visit our site or use a particular feature, rather than the total number of times the site or feature is used. Without this cookie, if you visit the site once a week for three weeks, we would count you as three separate users. Without these cookies, it would be very difficult for us to analyze the performance of our website and improve it.<\/p><p class=\"translation-block\">- <strong>Customization cookies: <\/strong>allow the user to configure the design, language, preferences, etc. of your browser.<\/p><p class=\"translation-block\">- <strong>Advertising and behavioral cookies: <\/strong>are used to carry out an effective management of advertising spaces that have been included in a website or application from which the service is provided. They are useful to adapt the advertising offered to the interests of users, as they collect information about their preferences. They are used in marketing techniques such as retargeting.<\/p><p class=\"translation-block\">- <strong>Affiliate cookies: <\/strong>track visits from websites with which a site has established an affiliation contract.<\/p><h5><strong><u>Own cookies used by our website,<\/u><\/strong><\/h5><ul><li class=\"translation-block\">Session cookies, to ensure that users who write comments on the blog are human and not automated applications. In this way, <em>spam<\/em> is combated.<\/li><li>Essential, some of the cookies on our website are essential to enable us to provide you with the service you have requested. An example of this are the cookies used to enable you to log in to your account on the website, place products in your shopping cart or those that enable communication between your browser and the website.<\/li><\/ul><h5><strong><u>Third-party cookies used by our website,<\/u><\/strong><\/h5><ul><li class=\"translation-block\">Google Analytics: Stores <em>cookies<\/em> to compile statistics on traffic and volume of visits to this website. By using this website you are consenting to the processing of information about you by Google. Therefore, the exercise of any rights in this regard should do so by communicating directly with Google.<\/li><li class=\"translation-block\">Social networks: Each social network uses its own <em>cookies<\/em> so that you can click on buttons such as <em>Like<\/em> or <em>Share<\/em>.<\/li><\/ul>\t\t\t\t\t\t\t\t<\/div>\n\t\t\t\t<\/div>\n\t\t\t\t<div class=\"elementor-element elementor-element-a88e351 animated-slow elementor-invisible elementor-widget elementor-widget-text-editor\" data-id=\"a88e351\" data-element_type=\"widget\" data-e-type=\"widget\" data-settings=\"{&quot;_animation&quot;:&quot;fadeIn&quot;}\" data-widget_type=\"text-editor.default\">\n\t\t\t\t<div class=\"elementor-widget-container\">\n\t\t\t\t\t\t\t\t\t<h2><span style=\"color: #a1beff;\"><strong>HOW TO DELETE BROWSER COOKIES<\/strong><\/span><\/h2><p><strong>1.<\/strong>\u00a0You can restrict, block or delete cookies from our website (or any other), using your browser. In each browser the operation is different. The 'Help' function will show you how to do this. However, the following provides guidance to the User on the steps to access the configuration menu of cookies and, where appropriate, private browsing in each of the major browsers:<\/p><p>Microsoft Edge: Tools -&gt; Internet Options -&gt; Privacy -&gt; Settings. For more information, you can consult Microsoft support or the browser's Help.<\/p><p>Firefox: Tools -&gt; Options -&gt; Privacy -&gt; History -&gt; Custom Settings. For more information, you can consult Mozilla support or the browser's Help.<\/p><p>Chrome: Settings -&gt; Show advanced options -&gt; Privacy -&gt; Content settings. For more information, you can consult Google support or the browser's Help.<\/p><p>Safari: Preferences -&gt; Security. For more information, you can consult Apple support or the browser's Help.<\/p><p><strong>2.<\/strong>\u00a0Using third-party tools, such as Ghostery or Your online choices (<a href=\"https:\/\/www.ghostery.com\/\" target=\"_blank\" rel=\"noopener\">www.ghostery.com<\/a>\u00a0\/\/\/\u00a0<a href=\"http:\/\/www.youronlinechoices.com\/es\/\" target=\"_blank\" rel=\"noopener\">www.youronlinechoices.com\/es\/<\/a>).<\/p><p><strong>Disabling the use of cookies on our website may diminish the functionality of the site, cause limitations in browsing or, in certain cases, even prevent such browsing.<\/strong><\/p>\t\t\t\t\t\t\t\t<\/div>\n\t\t\t\t<\/div>\n\t\t\t\t\t<\/div>\n\t\t<\/div>\n\t\t\t\t\t<\/div>\n\t\t<\/section>\n\t\t\t\t<section class=\"elementor-section elementor-top-section elementor-element elementor-element-0c499c9 elementor-section-stretched elementor-section-boxed elementor-section-height-default elementor-section-height-default\" data-id=\"0c499c9\" data-element_type=\"section\" data-e-type=\"section\" data-settings=\"{&quot;stretch_section&quot;:&quot;section-stretched&quot;}\">\n\t\t\t\t\t\t<div class=\"elementor-container elementor-column-gap-default\">\n\t\t\t\t\t<div class=\"elementor-column elementor-col-100 elementor-top-column elementor-element elementor-element-e740877\" data-id=\"e740877\" data-element_type=\"column\" data-e-type=\"column\">\n\t\t\t<div class=\"elementor-widget-wrap elementor-element-populated\">\n\t\t\t\t\t\t<div class=\"elementor-element elementor-element-b3e79ab elementor-widget elementor-widget-spacer\" data-id=\"b3e79ab\" data-element_type=\"widget\" data-e-type=\"widget\" data-widget_type=\"spacer.default\">\n\t\t\t\t<div class=\"elementor-widget-container\">\n\t\t\t\t\t\t\t<div class=\"elementor-spacer\">\n\t\t\t<div class=\"elementor-spacer-inner\"><\/div>\n\t\t<\/div>\n\t\t\t\t\t\t<\/div>\n\t\t\t\t<\/div>\n\t\t\t\t\t<\/div>\n\t\t<\/div>\n\t\t\t\t\t<\/div>\n\t\t<\/section>\n\t\t\t\t<\/div>","protected":false},"excerpt":{"rendered":"<p>POL\u00cdTICA DE COOKIES \u00bfQU\u00c9 SON LAS COOKIES? Las cookies y otras tecnolog\u00edas similares tales como local shared objects, flash cookies o p\u00edxeles,\u00a0son peque\u00f1os archivos\u00a0que algunas plataformas, como las p\u00e1ginas web, pueden instalar en el equipo del usuario (ordenador, tablet, smartphone, etc.). \u00a0 Sus funciones\u00a0pueden ser muy variadas: almacenar tus preferencias de navegaci\u00f3n, recopilar informaci\u00f3n estad\u00edstica, [&hellip;]<\/p>","protected":false},"author":1,"featured_media":0,"parent":0,"menu_order":0,"comment_status":"closed","ping_status":"closed","template":"","meta":{"footnotes":""},"class_list":["post-1334","page","type-page","status-publish","hentry","entry"],"_links":{"self":[{"href":"http:\/\/tapicerianautica.com\/en\/wp-json\/wp\/v2\/pages\/1334","targetHints":{"allow":["GET"]}}],"collection":[{"href":"http:\/\/tapicerianautica.com\/en\/wp-json\/wp\/v2\/pages"}],"about":[{"href":"http:\/\/tapicerianautica.com\/en\/wp-json\/wp\/v2\/types\/page"}],"author":[{"embeddable":true,"href":"http:\/\/tapicerianautica.com\/en\/wp-json\/wp\/v2\/users\/1"}],"replies":[{"embeddable":true,"href":"http:\/\/tapicerianautica.com\/en\/wp-json\/wp\/v2\/comments?post=1334"}],"version-history":[{"count":7,"href":"http:\/\/tapicerianautica.com\/en\/wp-json\/wp\/v2\/pages\/1334\/revisions"}],"predecessor-version":[{"id":1342,"href":"http:\/\/tapicerianautica.com\/en\/wp-json\/wp\/v2\/pages\/1334\/revisions\/1342"}],"wp:attachment":[{"href":"http:\/\/tapicerianautica.com\/en\/wp-json\/wp\/v2\/media?parent=1334"}],"curies":[{"name":"wp","href":"https:\/\/api.w.org\/{rel}","templated":true}]}}