{"id":3,"date":"2021-02-17T17:06:28","date_gmt":"2021-02-17T17:06:28","guid":{"rendered":"http:\/\/s279392999.mialojamiento.es\/?page_id=3"},"modified":"2021-05-06T17:53:39","modified_gmt":"2021-05-06T17:53:39","slug":"politica-privacidad","status":"publish","type":"page","link":"http:\/\/tapicerianautica.com\/en\/politica-privacidad","title":{"rendered":"Pol\u00edtica de privacidad"},"content":{"rendered":"<div data-elementor-type=\"wp-page\" data-elementor-id=\"3\" class=\"elementor elementor-3\">\n\t\t\t\t\t\t<section class=\"elementor-section elementor-top-section elementor-element elementor-element-7ebeb38 elementor-section-stretched elementor-section-boxed elementor-section-height-default elementor-section-height-default\" data-id=\"7ebeb38\" data-element_type=\"section\" data-e-type=\"section\" data-settings=\"{&quot;stretch_section&quot;:&quot;section-stretched&quot;}\">\n\t\t\t\t\t\t<div class=\"elementor-container elementor-column-gap-default\">\n\t\t\t\t\t<div class=\"elementor-column elementor-col-100 elementor-top-column elementor-element elementor-element-74d335c\" data-id=\"74d335c\" data-element_type=\"column\" data-e-type=\"column\">\n\t\t\t<div class=\"elementor-widget-wrap elementor-element-populated\">\n\t\t\t\t\t\t<div class=\"elementor-element elementor-element-abd7e74 elementor-widget elementor-widget-heading\" data-id=\"abd7e74\" data-element_type=\"widget\" data-e-type=\"widget\" data-widget_type=\"heading.default\">\n\t\t\t\t<div class=\"elementor-widget-container\">\n\t\t\t\t\t<h1 class=\"elementor-heading-title elementor-size-large\">PRIVACY POLICY<\/h1>\t\t\t\t<\/div>\n\t\t\t\t<\/div>\n\t\t\t\t<div class=\"elementor-element elementor-element-4602853 elementor-view-framed elementor-shape-circle elementor-widget elementor-widget-icon\" data-id=\"4602853\" data-element_type=\"widget\" data-e-type=\"widget\" data-widget_type=\"icon.default\">\n\t\t\t\t<div class=\"elementor-widget-container\">\n\t\t\t\t\t\t\t<div class=\"elementor-icon-wrapper\">\n\t\t\t<div class=\"elementor-icon\">\n\t\t\t<svg xmlns=\"http:\/\/www.w3.org\/2000\/svg\" xmlns:xlink=\"http:\/\/www.w3.org\/1999\/xlink\" id=\"Capa_1\" x=\"0px\" y=\"0px\" width=\"282px\" height=\"122.998px\" viewbox=\"0 0 282 122.998\" xml:space=\"preserve\"><g>\t<path fill=\"none\" d=\"M173.184,84.41c-0.717-0.401-1.137-0.203-1.459,0.573c-1.664,4.023-3.367,8.028-5.117,12.183   c7.893,0,15.529,0,23.658,0C185.172,91.606,179.311,87.831,173.184,84.41z\"><\/path>\t<path fill=\"none\" d=\"M105.535,84.704c-6.154,3.164-11.67,7.189-16.801,12.401c8.092,0,15.777,0,23.695,0   c-1.738-4.133-3.414-8.071-5.045-12.028C106.914,83.931,106.299,84.311,105.535,84.704z\"><\/path>\t<path fill=\"none\" d=\"M154.236,78.015c-2.523-0.364-5.027-0.912-7.563-1.164c-9.4-0.938-18.645-0.008-27.742,2.525   c-1.049,0.293-1.504,0.48-0.939,1.719c2.219,4.854,4.344,9.75,6.443,14.656c0.477,1.115,1.119,1.538,2.35,1.507   c3.355-0.083,6.713-0.028,10.07-0.028c3.438,0,6.875-0.043,10.311,0.024c1.129,0.022,1.705-0.331,2.127-1.407   c2.035-5.191,4.088-10.377,6.285-15.502C156.291,78.682,155.732,78.229,154.236,78.015z\"><\/path>\t<path fill=\"#000068\" d=\"M244.531,97.217c-0.811,0-1.686,0.229-2.576-0.286c0.582-0.443,1.025-0.781,1.469-1.117   c1.91-1.449,3.697-2.277,6.463-2.035c7.285,0.643,14.137-1.076,19.76-6.17c1.791-1.621,3.166-3.598,2.391-6.127   c-0.752-2.463-2.877-3.576-5.26-3.992c-7.229-1.26-14.238-0.248-20.055,4.189c-2.941,2.244-5.709,2.73-9,2.596   c-2.395-0.1-4.789-0.224-7.184-0.229c-1.408-0.003-2.359-0.505-3.195-1.67c-5.543-7.729-12.326-14.25-19.809-20.069   c-6.332-4.924-13.23-8.906-20.521-12.225c-1.209-0.551-2.289-1.141-2.057-2.804c0.242-1.735,0.441-3.486,0.498-5.235   c0.037-1.076,0.414-1.732,1.305-2.339c5.541-3.773,8.674-9.049,9.357-15.698c0.313-3.048-0.09-6.079-3.025-7.807   c-2.85-1.678-5.768-0.93-8.354,0.782c-5.363,3.554-8.834,8.67-9.188,14.981c-0.229,4.061-1.873,6.475-4.793,8.607   c-0.193,0.141-0.393,0.291-0.537,0.477c-1.309,1.677-2.949,1.838-4.926,1.358c-17.139-4.153-34.426-4.39-51.533-0.435   c-5.994,1.386-10.396,0.943-14.182-3.86c-0.098-0.124-0.227-0.226-0.352-0.326c-0.996-0.813-1.457-1.808-1.334-3.143   c0.27-2.942-0.455-5.743-1.721-8.347c-2.162-4.448-4.85-8.528-9.791-10.314c-5.336-1.929-9.154,0.604-9.342,6.245   c-0.205,6.212,2.123,11.688,6.92,15.389c3.33,2.57,4.205,5.431,4.092,9.139c-0.014,0.398-0.074,0.833,0.051,1.192   c0.77,2.18-0.385,3.025-2.211,3.895c-13.715,6.53-25.42,15.737-34.637,27.761c-2.852,3.719-5.645,5.285-10.096,4.731   c-1.549-0.192-2.74-0.487-4.047-1.509c-6.674-5.215-14.297-7-22.537-5.023c-5.141,1.232-6.184,5.49-2.582,9.443   c0.85,0.934,1.861,1.783,2.941,2.433c5.275,3.172,11.051,4.978,17.146,4.063c3.549-0.531,5.418,1.338,7.549,3.49   c-0.861,0-1.723,0-2.584,0c-9.238,0-18.475,0-27.713,0v10.512c14.242-0.014,28.486-0.026,42.729-0.027   c73.535-0.009,147.07-0.005,220.604-0.003V97.222C263.287,97.22,253.908,97.223,244.531,97.217z M88.734,97.105   c5.131-5.212,10.646-9.237,16.801-12.401c0.764-0.394,1.379-0.773,1.85,0.373c1.631,3.957,3.307,7.896,5.045,12.028   C104.512,97.105,96.826,97.105,88.734,97.105z M155.578,80.345c-2.197,5.125-4.25,10.311-6.285,15.502   c-0.422,1.076-0.998,1.43-2.127,1.407c-3.436-0.067-6.873-0.024-10.311-0.024c-3.357,0-6.715-0.055-10.07,0.028   c-1.23,0.031-1.873-0.392-2.35-1.507c-2.1-4.906-4.225-9.803-6.443-14.656c-0.564-1.238-0.109-1.426,0.939-1.719   c9.098-2.533,18.342-3.463,27.742-2.525c2.535,0.252,5.039,0.8,7.563,1.164C155.732,78.229,156.291,78.682,155.578,80.345z    M166.607,97.166c1.75-4.154,3.453-8.159,5.117-12.183c0.322-0.776,0.742-0.975,1.459-0.573   c6.127,3.421,11.988,7.196,17.082,12.756C182.137,97.166,174.5,97.166,166.607,97.166z\"><\/path><\/g><\/svg>\t\t\t<\/div>\n\t\t<\/div>\n\t\t\t\t\t\t<\/div>\n\t\t\t\t<\/div>\n\t\t\t\t<div class=\"elementor-element elementor-element-af35fa8 elementor-widget elementor-widget-spacer\" data-id=\"af35fa8\" data-element_type=\"widget\" data-e-type=\"widget\" data-widget_type=\"spacer.default\">\n\t\t\t\t<div class=\"elementor-widget-container\">\n\t\t\t\t\t\t\t<div class=\"elementor-spacer\">\n\t\t\t<div class=\"elementor-spacer-inner\"><\/div>\n\t\t<\/div>\n\t\t\t\t\t\t<\/div>\n\t\t\t\t<\/div>\n\t\t\t\t\t<\/div>\n\t\t<\/div>\n\t\t\t\t\t<\/div>\n\t\t<\/section>\n\t\t\t\t<section class=\"elementor-section elementor-top-section elementor-element elementor-element-7c8553d elementor-section-stretched elementor-section-boxed elementor-section-height-default elementor-section-height-default\" data-id=\"7c8553d\" data-element_type=\"section\" data-e-type=\"section\" data-settings=\"{&quot;stretch_section&quot;:&quot;section-stretched&quot;}\">\n\t\t\t\t\t\t<div class=\"elementor-container elementor-column-gap-default\">\n\t\t\t\t\t<div class=\"elementor-column elementor-col-100 elementor-top-column elementor-element elementor-element-09959c9\" data-id=\"09959c9\" data-element_type=\"column\" data-e-type=\"column\">\n\t\t\t<div class=\"elementor-widget-wrap elementor-element-populated\">\n\t\t\t\t\t\t<div class=\"elementor-element elementor-element-5b87b85 animated-slow elementor-invisible elementor-widget elementor-widget-text-editor\" data-id=\"5b87b85\" data-element_type=\"widget\" data-e-type=\"widget\" data-settings=\"{&quot;_animation&quot;:&quot;fadeIn&quot;}\" data-widget_type=\"text-editor.default\">\n\t\t\t\t<div class=\"elementor-widget-container\">\n\t\t\t\t\t\t\t\t\t<p>Last update: May 2021<\/p><h2><span style=\"color: #a1beff;\"><strong>1. USER INFORMATION<\/strong><\/span><\/h2><p class=\"translation-block\"><strong>Tapicer\u00eda N\u00e1utica, C.B.<\/strong>, as Data Controller, informs you that, in accordance with the provisions of Regulation (EU) 2016\/679, of 27 April, (RGPD) and the L.O. 3\/2018, of 5 December, on data protection and guarantee of digital rights (LOPDGDD), we will treat your data as we reflect in this Privacy Policy.<\/p><p>In this Privacy Policy we describe how we collect your personal data and why we collect it, what we do with it, who we share it with, how we protect it, and your choices regarding the treatment of your personal data.<\/p><p>This Policy applies to the processing of your personal data collected by the company for the provision of its services. If you accept the measures in this Policy, you agree to our processing of your personal data as defined in this Policy.<\/p><h2><span style=\"color: #a1beff;\"><strong>2. CONTACT<\/strong><\/span><\/h2><p>Corporate name:\u00a0<strong>Tapicer\u00eda N\u00e1utica, C.B.<\/strong><br \/>Commercial name:\u00a0<strong>Tapicer\u00eda N\u00e1utica<\/strong><br \/>CIF: <strong>E73217028<\/strong><br \/>Address: <strong>Av. Dr. Artero Guirao, 79, San Pedro del Pinatar (Murcia)<\/strong><br \/>e-mail: <strong>info@tapicerianautica.com<\/strong>\u00a0<\/p><h2><span style=\"color: #a1beff;\"><strong>3. KEY PRINCIPLES<\/strong><\/span><\/h2><p>We have always been committed to providing our services with the highest degree of quality, which includes treating your data with security and transparency. Our principles are:<\/p><ul><li class=\"translation-block\"><strong>Legality<\/strong>: We will only collect your Personal Data for specific, explicit and legitimate purposes.<\/li><li class=\"translation-block\"><strong>Data minimization<\/strong>: We limit the collection of personal data to what is strictly relevant and necessary for the purposes for which it was collected.<\/li><li class=\"translation-block\"><strong>Limitation of Purpose<\/strong>: We will only collect your personal data for the stated purposes and only according to your wishes.<\/li><li class=\"translation-block\"><strong>Accuracy<\/strong>: We will keep your personal information accurate and up to date.<\/li><li class=\"translation-block\"><strong>Data Security<\/strong>: We implement appropriate technical and organizational measures commensurate with the risks to ensure that your data is not damaged, such as unauthorized disclosure or access, accidental or unlawful destruction or accidental loss or alteration and any other form of unlawful processing.<\/li><li class=\"translation-block\"><strong>Access and Rectification<\/strong>: We have the means for you to access or rectify your data whenever you consider it appropriate.<\/li><li class=\"translation-block\"><strong>Conservation<\/strong>: We retain your personal data in a lawful and appropriate manner and only as long as it is necessary for the purposes for which it was collected.<\/li><li class=\"translation-block\"><strong>International transfers<\/strong>: in the event that your data is to be transferred outside the EU\/EEA, it will be adequately protected.<\/li><li class=\"translation-block\"><strong>Third parties<\/strong>: Access and transfer of personal data to third parties are carried out in accordance with applicable laws and regulations and with appropriate contractual safeguards.<\/li><li class=\"translation-block\"><strong>Direct Marketing and cookies<\/strong>: We comply with the applicable legislation on advertising and cookies.<\/li><\/ul><h2><span style=\"color: #a1beff;\"><strong>4. COLLECTION AND PROCESSING OF YOUR PERSONAL DATA<\/strong><\/span><\/h2><p>The types of data that may be requested and processed are:<\/p><ul><li>Identification data.<\/li><\/ul><p>We also automatically collect data about your visit to our website as described in the cookie policy.<\/p><p>Whenever we request your Personal Data, we will clearly inform you what Personal Data we collect and for what purpose. In general, we collect and process your Personal Data for the purpose of:<\/p><ul><li>To provide information, services, products, relevant information and news in the sector.<\/li><li>Sending communications.<\/li><\/ul><h2><span style=\"color: #a1beff;\"><strong>5. LEGITIMACY<\/strong><\/span><\/h2><p>In accordance with the applicable data protection regulations, your personal data may be processed provided that:<\/p><ul><li>You have given us your consent for the purposes of processing. You may of course withdraw your consent at any time.<\/li><li>By legal requirement.<\/li><li>Because there is a legitimate interest that is not undermined by your privacy rights, such as sending commercial information either by subscribing to our newsletter or by your status as a customer.<\/li><li>Because it is necessary for the provision of any of our services through a contractual relationship between you and us.<\/li><\/ul><h2><span style=\"color: #a1beff;\"><strong>6. COMMUNICATION OF PERSONAL DATA<\/strong><\/span><\/h2><p class=\"translation-block\">The data may be communicated to companies related to <strong>Tapicer\u00eda N\u00e1utica, C.B.<\/strong> for the provision of various services as Data Processors. The company will not make any transfer, except by legal obligation.<\/p><h2><span style=\"color: #a1beff;\"><strong>7. YOUR RIGHTS<\/strong><\/span><\/h2><p>In connection with the collection and processing of your personal data, you can contact us at any time to:<\/p><ul><li>Access your personal data and any other information indicated in Article 15.1 of the GDPR.<\/li><li>Rectify your personal data that is inaccurate or incomplete in accordance with Article 16 of the GDPR.<\/li><li>Delete your personal data in accordance with Article 17 of the GDPR.<\/li><li>Limit the processing of your personal data in accordance with Article 18 of the GDPR.<\/li><li>Request the portability of your data in accordance with Article 20 of the GDPR.<\/li><li>Oppose the processing of your personal data in accordance with Article 21 of the GDPR.<\/li><\/ul><p class=\"translation-block\">If you have given your consent for any specific purpose, you have the right to withdraw the consent given at any time, without affecting the lawfulness of the processing based on the consent prior to its withdrawal <a href=\"https:\/\/presencialismo.com\/\" target=\"_self\">rrhh<\/a>.<\/p><p>You may exercise these rights by sending a reasoned and accredited communication to info@tapicerianautica.com<\/p><p class=\"translation-block\">You also have the right to file a complaint with the competent supervisory authority (<a href=\"https:\/\/aepd.es\/\" target=\"_self\">www.aepd.es<\/a>) if you believe that the processing does not comply with the regulations in force.<\/p><h2><span style=\"color: #a1beff;\"><strong>8. LEGAL INFORMATION<\/strong><\/span><\/h2><p>The requirements of this Policy supplement, and do not replace, any other requirements existing under applicable data protection law, which shall prevail in any event.<\/p><p>This Policy is subject to periodic review and may be changed by the Company at any time. When this occurs, we will notify you of any changes and ask you to re-read the most recent version of our Policy and confirm your acceptance.<\/p>\t\t\t\t\t\t\t\t<\/div>\n\t\t\t\t<\/div>\n\t\t\t\t\t<\/div>\n\t\t<\/div>\n\t\t\t\t\t<\/div>\n\t\t<\/section>\n\t\t\t\t<section class=\"elementor-section elementor-top-section elementor-element elementor-element-e4029e5 elementor-section-stretched elementor-section-boxed elementor-section-height-default elementor-section-height-default\" data-id=\"e4029e5\" data-element_type=\"section\" data-e-type=\"section\" data-settings=\"{&quot;stretch_section&quot;:&quot;section-stretched&quot;}\">\n\t\t\t\t\t\t<div class=\"elementor-container elementor-column-gap-default\">\n\t\t\t\t\t<div class=\"elementor-column elementor-col-100 elementor-top-column elementor-element elementor-element-0da77b0\" data-id=\"0da77b0\" data-element_type=\"column\" data-e-type=\"column\">\n\t\t\t<div class=\"elementor-widget-wrap elementor-element-populated\">\n\t\t\t\t\t\t<div class=\"elementor-element elementor-element-91324ef elementor-widget elementor-widget-spacer\" data-id=\"91324ef\" data-element_type=\"widget\" data-e-type=\"widget\" data-widget_type=\"spacer.default\">\n\t\t\t\t<div class=\"elementor-widget-container\">\n\t\t\t\t\t\t\t<div class=\"elementor-spacer\">\n\t\t\t<div class=\"elementor-spacer-inner\"><\/div>\n\t\t<\/div>\n\t\t\t\t\t\t<\/div>\n\t\t\t\t<\/div>\n\t\t\t\t\t<\/div>\n\t\t<\/div>\n\t\t\t\t\t<\/div>\n\t\t<\/section>\n\t\t\t\t<\/div>","protected":false},"excerpt":{"rendered":"<p>POL\u00cdTICA DE PRIVACIDAD \u00daltima actualizaci\u00f3n: Mayo 2021. 1. INFORMACI\u00d3N AL USUARIO Tapicer\u00eda N\u00e1utica, C.B., como Responsable del Tratamiento, le informa que, seg\u00fan lo dispuesto en el Reglamento (UE) 2016\/679, de 27 de abril, (RGPD) y en la L.O. 3\/2018, de 5 de diciembre, de protecci\u00f3n de datos y garant\u00eda de los derechos digitales (LOPDGDD), trataremos [&hellip;]<\/p>","protected":false},"author":1,"featured_media":0,"parent":0,"menu_order":0,"comment_status":"closed","ping_status":"open","template":"","meta":{"footnotes":""},"class_list":["post-3","page","type-page","status-publish","hentry","entry"],"_links":{"self":[{"href":"http:\/\/tapicerianautica.com\/en\/wp-json\/wp\/v2\/pages\/3","targetHints":{"allow":["GET"]}}],"collection":[{"href":"http:\/\/tapicerianautica.com\/en\/wp-json\/wp\/v2\/pages"}],"about":[{"href":"http:\/\/tapicerianautica.com\/en\/wp-json\/wp\/v2\/types\/page"}],"author":[{"embeddable":true,"href":"http:\/\/tapicerianautica.com\/en\/wp-json\/wp\/v2\/users\/1"}],"replies":[{"embeddable":true,"href":"http:\/\/tapicerianautica.com\/en\/wp-json\/wp\/v2\/comments?post=3"}],"version-history":[{"count":8,"href":"http:\/\/tapicerianautica.com\/en\/wp-json\/wp\/v2\/pages\/3\/revisions"}],"predecessor-version":[{"id":1375,"href":"http:\/\/tapicerianautica.com\/en\/wp-json\/wp\/v2\/pages\/3\/revisions\/1375"}],"wp:attachment":[{"href":"http:\/\/tapicerianautica.com\/en\/wp-json\/wp\/v2\/media?parent=3"}],"curies":[{"name":"wp","href":"https:\/\/api.w.org\/{rel}","templated":true}]}}