{"id":1334,"date":"2021-05-03T15:12:30","date_gmt":"2021-05-03T15:12:30","guid":{"rendered":"http:\/\/s279392999.mialojamiento.es\/?page_id=1334"},"modified":"2021-05-03T15:30:14","modified_gmt":"2021-05-03T15:30:14","slug":"politica-de-cookies","status":"publish","type":"page","link":"http:\/\/tapicerianautica.com\/fr\/politica-de-cookies","title":{"rendered":"Politique de cookies"},"content":{"rendered":"<div data-elementor-type=\"wp-page\" data-elementor-id=\"1334\" class=\"elementor elementor-1334\">\n\t\t\t\t\t\t<section class=\"elementor-section elementor-top-section elementor-element elementor-element-89892f5 elementor-section-stretched elementor-section-boxed elementor-section-height-default elementor-section-height-default\" data-id=\"89892f5\" data-element_type=\"section\" data-e-type=\"section\" data-settings=\"{&quot;stretch_section&quot;:&quot;section-stretched&quot;}\">\n\t\t\t\t\t\t<div class=\"elementor-container elementor-column-gap-default\">\n\t\t\t\t\t<div class=\"elementor-column elementor-col-100 elementor-top-column elementor-element elementor-element-753ad13\" data-id=\"753ad13\" data-element_type=\"column\" data-e-type=\"column\">\n\t\t\t<div class=\"elementor-widget-wrap elementor-element-populated\">\n\t\t\t\t\t\t<div class=\"elementor-element elementor-element-54f30d5 elementor-widget elementor-widget-heading\" data-id=\"54f30d5\" data-element_type=\"widget\" data-e-type=\"widget\" data-widget_type=\"heading.default\">\n\t\t\t\t<div class=\"elementor-widget-container\">\n\t\t\t\t\t<h1 class=\"elementor-heading-title elementor-size-large\">POLITIQUE DE COOKIES<\/h1>\t\t\t\t<\/div>\n\t\t\t\t<\/div>\n\t\t\t\t<div class=\"elementor-element elementor-element-cec73dd elementor-view-framed elementor-shape-circle elementor-widget elementor-widget-icon\" data-id=\"cec73dd\" data-element_type=\"widget\" data-e-type=\"widget\" data-widget_type=\"icon.default\">\n\t\t\t\t<div class=\"elementor-widget-container\">\n\t\t\t\t\t\t\t<div class=\"elementor-icon-wrapper\">\n\t\t\t<div class=\"elementor-icon\">\n\t\t\t<svg xmlns=\"http:\/\/www.w3.org\/2000\/svg\" xmlns:xlink=\"http:\/\/www.w3.org\/1999\/xlink\" id=\"Capa_1\" x=\"0px\" y=\"0px\" width=\"282px\" height=\"122.998px\" viewbox=\"0 0 282 122.998\" xml:space=\"preserve\"><g>\t<path fill=\"none\" d=\"M173.184,84.41c-0.717-0.401-1.137-0.203-1.459,0.573c-1.664,4.023-3.367,8.028-5.117,12.183   c7.893,0,15.529,0,23.658,0C185.172,91.606,179.311,87.831,173.184,84.41z\"><\/path>\t<path fill=\"none\" d=\"M105.535,84.704c-6.154,3.164-11.67,7.189-16.801,12.401c8.092,0,15.777,0,23.695,0   c-1.738-4.133-3.414-8.071-5.045-12.028C106.914,83.931,106.299,84.311,105.535,84.704z\"><\/path>\t<path fill=\"none\" d=\"M154.236,78.015c-2.523-0.364-5.027-0.912-7.563-1.164c-9.4-0.938-18.645-0.008-27.742,2.525   c-1.049,0.293-1.504,0.48-0.939,1.719c2.219,4.854,4.344,9.75,6.443,14.656c0.477,1.115,1.119,1.538,2.35,1.507   c3.355-0.083,6.713-0.028,10.07-0.028c3.438,0,6.875-0.043,10.311,0.024c1.129,0.022,1.705-0.331,2.127-1.407   c2.035-5.191,4.088-10.377,6.285-15.502C156.291,78.682,155.732,78.229,154.236,78.015z\"><\/path>\t<path fill=\"#000068\" d=\"M244.531,97.217c-0.811,0-1.686,0.229-2.576-0.286c0.582-0.443,1.025-0.781,1.469-1.117   c1.91-1.449,3.697-2.277,6.463-2.035c7.285,0.643,14.137-1.076,19.76-6.17c1.791-1.621,3.166-3.598,2.391-6.127   c-0.752-2.463-2.877-3.576-5.26-3.992c-7.229-1.26-14.238-0.248-20.055,4.189c-2.941,2.244-5.709,2.73-9,2.596   c-2.395-0.1-4.789-0.224-7.184-0.229c-1.408-0.003-2.359-0.505-3.195-1.67c-5.543-7.729-12.326-14.25-19.809-20.069   c-6.332-4.924-13.23-8.906-20.521-12.225c-1.209-0.551-2.289-1.141-2.057-2.804c0.242-1.735,0.441-3.486,0.498-5.235   c0.037-1.076,0.414-1.732,1.305-2.339c5.541-3.773,8.674-9.049,9.357-15.698c0.313-3.048-0.09-6.079-3.025-7.807   c-2.85-1.678-5.768-0.93-8.354,0.782c-5.363,3.554-8.834,8.67-9.188,14.981c-0.229,4.061-1.873,6.475-4.793,8.607   c-0.193,0.141-0.393,0.291-0.537,0.477c-1.309,1.677-2.949,1.838-4.926,1.358c-17.139-4.153-34.426-4.39-51.533-0.435   c-5.994,1.386-10.396,0.943-14.182-3.86c-0.098-0.124-0.227-0.226-0.352-0.326c-0.996-0.813-1.457-1.808-1.334-3.143   c0.27-2.942-0.455-5.743-1.721-8.347c-2.162-4.448-4.85-8.528-9.791-10.314c-5.336-1.929-9.154,0.604-9.342,6.245   c-0.205,6.212,2.123,11.688,6.92,15.389c3.33,2.57,4.205,5.431,4.092,9.139c-0.014,0.398-0.074,0.833,0.051,1.192   c0.77,2.18-0.385,3.025-2.211,3.895c-13.715,6.53-25.42,15.737-34.637,27.761c-2.852,3.719-5.645,5.285-10.096,4.731   c-1.549-0.192-2.74-0.487-4.047-1.509c-6.674-5.215-14.297-7-22.537-5.023c-5.141,1.232-6.184,5.49-2.582,9.443   c0.85,0.934,1.861,1.783,2.941,2.433c5.275,3.172,11.051,4.978,17.146,4.063c3.549-0.531,5.418,1.338,7.549,3.49   c-0.861,0-1.723,0-2.584,0c-9.238,0-18.475,0-27.713,0v10.512c14.242-0.014,28.486-0.026,42.729-0.027   c73.535-0.009,147.07-0.005,220.604-0.003V97.222C263.287,97.22,253.908,97.223,244.531,97.217z M88.734,97.105   c5.131-5.212,10.646-9.237,16.801-12.401c0.764-0.394,1.379-0.773,1.85,0.373c1.631,3.957,3.307,7.896,5.045,12.028   C104.512,97.105,96.826,97.105,88.734,97.105z M155.578,80.345c-2.197,5.125-4.25,10.311-6.285,15.502   c-0.422,1.076-0.998,1.43-2.127,1.407c-3.436-0.067-6.873-0.024-10.311-0.024c-3.357,0-6.715-0.055-10.07,0.028   c-1.23,0.031-1.873-0.392-2.35-1.507c-2.1-4.906-4.225-9.803-6.443-14.656c-0.564-1.238-0.109-1.426,0.939-1.719   c9.098-2.533,18.342-3.463,27.742-2.525c2.535,0.252,5.039,0.8,7.563,1.164C155.732,78.229,156.291,78.682,155.578,80.345z    M166.607,97.166c1.75-4.154,3.453-8.159,5.117-12.183c0.322-0.776,0.742-0.975,1.459-0.573   c6.127,3.421,11.988,7.196,17.082,12.756C182.137,97.166,174.5,97.166,166.607,97.166z\"><\/path><\/g><\/svg>\t\t\t<\/div>\n\t\t<\/div>\n\t\t\t\t\t\t<\/div>\n\t\t\t\t<\/div>\n\t\t\t\t<div class=\"elementor-element elementor-element-6cae8fe elementor-widget elementor-widget-spacer\" data-id=\"6cae8fe\" data-element_type=\"widget\" data-e-type=\"widget\" data-widget_type=\"spacer.default\">\n\t\t\t\t<div class=\"elementor-widget-container\">\n\t\t\t\t\t\t\t<div class=\"elementor-spacer\">\n\t\t\t<div class=\"elementor-spacer-inner\"><\/div>\n\t\t<\/div>\n\t\t\t\t\t\t<\/div>\n\t\t\t\t<\/div>\n\t\t\t\t\t<\/div>\n\t\t<\/div>\n\t\t\t\t\t<\/div>\n\t\t<\/section>\n\t\t\t\t<section class=\"elementor-section elementor-top-section elementor-element elementor-element-80cd7fb elementor-section-stretched elementor-section-boxed elementor-section-height-default elementor-section-height-default\" data-id=\"80cd7fb\" data-element_type=\"section\" data-e-type=\"section\" data-settings=\"{&quot;stretch_section&quot;:&quot;section-stretched&quot;}\">\n\t\t\t\t\t\t<div class=\"elementor-container elementor-column-gap-default\">\n\t\t\t\t\t<div class=\"elementor-column elementor-col-100 elementor-top-column elementor-element elementor-element-0ae94d6\" data-id=\"0ae94d6\" data-element_type=\"column\" data-e-type=\"column\">\n\t\t\t<div class=\"elementor-widget-wrap elementor-element-populated\">\n\t\t\t\t\t\t<div class=\"elementor-element elementor-element-eabc1da animated-slow elementor-invisible elementor-widget elementor-widget-text-editor\" data-id=\"eabc1da\" data-element_type=\"widget\" data-e-type=\"widget\" data-settings=\"{&quot;_animation&quot;:&quot;fadeIn&quot;}\" data-widget_type=\"text-editor.default\">\n\t\t\t\t<div class=\"elementor-widget-container\">\n\t\t\t\t\t\t\t\t\t<h2><span style=\"color: #a1beff;\"><strong>QUE SONT LES COOKIES ?<\/strong><\/span><\/h2><p class=\"translation-block\">Les cookies et autres technologies similaires telles que les objets locaux partag\u00e9s, les cookies flash ou les pixels, <strong>sont de petits fichiers<\/strong> que certaines plateformes, comme les sites web, peuvent installer sur l'\u00e9quipement de l'utilisateur (ordinateur, tablette, smartphone, etc.). \u00a0<\/p><p class=\"translation-block\"><strong>Leurs fonctions<\/strong> peuvent \u00eatre tr\u00e8s vari\u00e9es : m\u00e9moriser vos pr\u00e9f\u00e9rences de navigation, collecter des informations statistiques, permettre certaines fonctionnalit\u00e9s techniques....<\/p><p class=\"translation-block\">Parfois, des <strong>cookies<\/strong> sont utilis\u00e9s pour stocker des informations de base sur les habitudes de navigation de l'utilisateur ou sur votre ordinateur, au point, selon les cas, de pouvoir le reconna\u00eetre.<\/p><p class=\"translation-block\">Les cookies sont <strong>utiles<\/strong> pour plusieurs raisons. D'un point de vue technique, ils permettent aux pages web de fonctionner de mani\u00e8re plus agile et de s'adapter \u00e0 vos pr\u00e9f\u00e9rences, comme le stockage de votre langue ou de la devise de votre pays.<\/p><p class=\"translation-block\">En outre, ils aident les gestionnaires de sites web \u00e0 am\u00e9liorer leurs services, gr\u00e2ce aux informations statistiques recueillies par leur interm\u00e9diaire.<\/p><p class=\"translation-block\">Enfin, <strong>ils servent<\/strong> \u00e0 rendre plus efficace la publicit\u00e9 que nous vous montrons, gr\u00e2ce \u00e0 laquelle nous pouvons vous offrir nos services gratuitement. \u00a0<\/p><p class=\"translation-block\">Pour plus d'informations sur les cookies, veuillez consulter <a href=\"http:\/\/www.youronlinechoices.com\/es\/\" target=\"_self\" rel=\"noopener\">Your Online Choices Espa\u00f1a\u00a0<\/a> ou <a href=\"http:\/\/www.allaboutcookies.org\/es\/\" target=\"_self\" rel=\"noopener\">http:\/\/www.allaboutcookies.org\/es\/<\/a>.<\/p>\t\t\t\t\t\t\t\t<\/div>\n\t\t\t\t<\/div>\n\t\t\t\t<div class=\"elementor-element elementor-element-3e1bff8 animated-slow elementor-invisible elementor-widget elementor-widget-text-editor\" data-id=\"3e1bff8\" data-element_type=\"widget\" data-e-type=\"widget\" data-settings=\"{&quot;_animation&quot;:&quot;fadeIn&quot;}\" data-widget_type=\"text-editor.default\">\n\t\t\t\t<div class=\"elementor-widget-container\">\n\t\t\t\t\t\t\t\t\t<h2><span style=\"color: #a1beff;\"><strong>LES COOKIES CONCERN\u00c9S PAR LE R\u00c8GLEMENT ET LES COOKIES EXCEPT\u00c9S<\/strong><\/span><\/h2><p>Avec la modification de la \"Ley de Servicios de la Sociedad de la Informaci\u00f3n\" (LSSICE) \u00e9tablie par le d\u00e9cret royal 13\/2012, il est obligatoire d'obtenir le consentement expr\u00e8s de l'utilisateur de tous les sites web qui utilisent des cookies dispensables, avant que l'utilisateur ne les consulte.\u00a0<\/p><p>Les cookies qui requi\u00e8rent le consentement \u00e9clair\u00e9 de l'utilisateur sont les cookies analytiques et les cookies de publicit\u00e9 et d'affiliation, \u00e0 l'exception de ceux \u00e0 caract\u00e8re technique et de ceux n\u00e9cessaires au fonctionnement du site web ou \u00e0 la fourniture de services express\u00e9ment demand\u00e9s par l'utilisateur.<\/p>\t\t\t\t\t\t\t\t<\/div>\n\t\t\t\t<\/div>\n\t\t\t\t<div class=\"elementor-element elementor-element-8be7cd1 animated-slow elementor-invisible elementor-widget elementor-widget-text-editor\" data-id=\"8be7cd1\" data-element_type=\"widget\" data-e-type=\"widget\" data-settings=\"{&quot;_animation&quot;:&quot;fadeIn&quot;}\" data-widget_type=\"text-editor.default\">\n\t\t\t\t<div class=\"elementor-widget-container\">\n\t\t\t\t\t\t\t\t\t<h2><span style=\"color: #a1beff;\"><strong>QUELS SONT LES TYPES DE COOKIES ?<\/strong><\/span><\/h2><p>Il existe diff\u00e9rents types de cookies. \u00a0<\/p><p>\u00c0 un premier niveau, nous pouvons faire la diff\u00e9rence entre :<\/p><p class=\"translation-block\">- <strong>Cookies propri\u00e9taires : <\/strong>Ils appartiennent et sont g\u00e9r\u00e9s par le propri\u00e9taire du site web.<\/p><p class=\"translation-block\">- <strong>Cookies tiers : <\/strong>Ils appartiennent et sont g\u00e9r\u00e9s par des tiers ext\u00e9rieurs au propri\u00e9taire. \u00a0<\/p><p class=\"translation-block\">Les cookies peuvent \u00eatre de \"<strong>session<\/strong>\", ils seront donc supprim\u00e9s une fois que l'utilisateur aura quitt\u00e9 le site web qui les a g\u00e9n\u00e9r\u00e9s ou \"<strong>persistants<\/strong>\", qui restent sur votre ordinateur un temps programm\u00e9 qui peut atteindre des ann\u00e9es.<\/p><p>En outre, les cookies peuvent \u00eatre class\u00e9s en fonction de l'objectif pour lequel ils ont \u00e9t\u00e9 cr\u00e9\u00e9s :\u00a0<\/p><p class=\"translation-block\">- <strong>Cookies techniques et fonctionnels : <\/strong>sont ceux strictement n\u00e9cessaires \u00e0 l'utilisation du site et \u00e0 la fourniture du service.<\/p><p class=\"translation-block\">- <strong>Cookies analytiques:<\/strong> Nous utilisons des cookies analytiques pour nous aider \u00e0 comprendre comment les utilisateurs utilisent notre site web. Par exemple, nous les utilisons pour compter le nombre de personnes diff\u00e9rentes qui visitent notre site ou utilisent une fonction particuli\u00e8re, plut\u00f4t que le nombre total de fois o\u00f9 le site ou la fonction est utilis\u00e9. Sans ce cookie, si vous visitez le site une fois par semaine pendant trois semaines, nous vous compterions comme trois utilisateurs distincts. Sans ces cookies, il nous serait tr\u00e8s difficile d'analyser les performances de notre site web et de l'am\u00e9liorer.<\/p><p class=\"translation-block\">- <strong>Cookies de personnalisation : <\/strong>permettent \u00e0 l'utilisateur de configurer le design, la langue, les pr\u00e9f\u00e9rences, etc. de votre navigateur.<\/p><p class=\"translation-block\">- <strong>Cookies publicitaires et comportementaux : <\/strong>sont utilis\u00e9s pour effectuer une gestion efficace des espaces publicitaires qui ont \u00e9t\u00e9 inclus dans un site web ou une application \u00e0 partir de laquelle le service est fourni. Ils sont utiles pour adapter la publicit\u00e9 propos\u00e9e aux int\u00e9r\u00eats des utilisateurs, car ils recueillent des informations sur leurs pr\u00e9f\u00e9rences. Ils sont utilis\u00e9s dans des techniques de marketing telles que le reciblage.<\/p><p class=\"translation-block\">- <strong>Cookies d'affiliation : <\/strong>suivre les visites de sites web avec lesquels un site a \u00e9tabli un contrat d'affiliation.<\/p><h5><strong><u>Cookies propres utilis\u00e9s par notre site web,<\/u><\/strong><\/h5><ul><li class=\"translation-block\">Cookies de session, pour s'assurer que les utilisateurs qui \u00e9crivent des commentaires sur le blog sont des humains et non des applications automatis\u00e9es. De cette mani\u00e8re, le <em>spam<\/em> est combattu.<\/li><li>Certains des cookies pr\u00e9sents sur notre site web sont essentiels pour nous permettre de fournir le service que vous avez demand\u00e9. Il s'agit par exemple des cookies utilis\u00e9s pour vous permettre de vous connecter \u00e0 votre compte sur le site web, de placer des produits dans votre panier ou de permettre la communication entre votre navigateur et le site web.<\/li><\/ul><h5><strong><u>Cookies tiers utilis\u00e9s par notre site web,<\/u><\/strong><\/h5><ul><li class=\"translation-block\">Google Analytics : stocke des <em>cookies<\/em> pour \u00e9tablir des statistiques sur le trafic et le volume de visites sur ce site web. En utilisant ce site Web, vous consentez au traitement des informations vous concernant par Google. Par cons\u00e9quent, l'exercice de tout droit \u00e0 cet \u00e9gard doit se faire en communiquant directement avec Google.<\/li><li class=\"translation-block\">R\u00e9seaux sociaux : chaque r\u00e9seau social utilise ses propres <em>cookies<\/em> pour que vous puissiez cliquer sur des boutons tels que <em>Like<\/em> ou <em>Share<\/em>.<\/li><\/ul>\t\t\t\t\t\t\t\t<\/div>\n\t\t\t\t<\/div>\n\t\t\t\t<div class=\"elementor-element elementor-element-a88e351 animated-slow elementor-invisible elementor-widget elementor-widget-text-editor\" data-id=\"a88e351\" data-element_type=\"widget\" data-e-type=\"widget\" data-settings=\"{&quot;_animation&quot;:&quot;fadeIn&quot;}\" data-widget_type=\"text-editor.default\">\n\t\t\t\t<div class=\"elementor-widget-container\">\n\t\t\t\t\t\t\t\t\t<h2><span style=\"color: #a1beff;\"><strong>COMMENT SUPPRIMER LES COOKIES DU NAVIGATEUR<\/strong><\/span><\/h2><p><strong>1.<\/strong>\u00a0Vous pouvez restreindre, bloquer ou supprimer les cookies de notre site web (ou de tout autre site), en utilisant votre navigateur. Dans chaque navigateur, le fonctionnement est diff\u00e9rent. La fonction \"Aide\" vous montrera comment proc\u00e9der. Toutefois, ce qui suit fournit des indications \u00e0 l'Utilisateur sur les \u00e9tapes \u00e0 suivre pour acc\u00e9der au menu de configuration des cookies et, le cas \u00e9ch\u00e9ant, de la navigation priv\u00e9e dans chacun des principaux navigateurs :<\/p><p>Microsoft Edge : Outils -&gt; Options Internet -&gt; Confidentialit\u00e9 -&gt; Param\u00e8tres. Pour plus d'informations, vous pouvez consulter le support Microsoft ou l'aide du navigateur.<\/p><p>Firefox : Outils -&gt; Options -&gt; Confidentialit\u00e9 -&gt; Historique -&gt; Param\u00e8tres personnalis\u00e9s. Pour plus d'informations, vous pouvez consulter l'assistance Mozilla ou l'aide du navigateur.<\/p><p>Chrome : Param\u00e8tres -&gt; Afficher les options avanc\u00e9es -&gt; Confidentialit\u00e9 -&gt; Param\u00e8tres de contenu. Pour plus d'informations, vous pouvez consulter le support Google ou l'aide du navigateur.<\/p><p>Safari : Pr\u00e9f\u00e9rences -&gt; S\u00e9curit\u00e9. Pour plus d'informations, vous pouvez consulter l'assistance Apple ou l'aide du navigateur.<\/p><p><strong>2.<\/strong>\u00a0Utilisation d'outils tiers, tels que Ghostery ou Vos choix en ligne (<a href=\"https:\/\/www.ghostery.com\/\" target=\"_blank\" rel=\"noopener\">www.ghostery.com<\/a>\u00a0\/\/\/\u00a0<a href=\"http:\/\/www.youronlinechoices.com\/es\/\" target=\"_blank\" rel=\"noopener\">www.youronlinechoices.com\/es\/<\/a>).<\/p><p><strong>La d\u00e9sactivation de l'utilisation des cookies sur notre site web peut diminuer la fonctionnalit\u00e9 du site, entra\u00eener des limitations de la navigation ou, dans certains cas, m\u00eame emp\u00eacher la navigation.<\/strong><\/p>\t\t\t\t\t\t\t\t<\/div>\n\t\t\t\t<\/div>\n\t\t\t\t\t<\/div>\n\t\t<\/div>\n\t\t\t\t\t<\/div>\n\t\t<\/section>\n\t\t\t\t<section class=\"elementor-section elementor-top-section elementor-element elementor-element-0c499c9 elementor-section-stretched elementor-section-boxed elementor-section-height-default elementor-section-height-default\" data-id=\"0c499c9\" data-element_type=\"section\" data-e-type=\"section\" data-settings=\"{&quot;stretch_section&quot;:&quot;section-stretched&quot;}\">\n\t\t\t\t\t\t<div class=\"elementor-container elementor-column-gap-default\">\n\t\t\t\t\t<div class=\"elementor-column elementor-col-100 elementor-top-column elementor-element elementor-element-e740877\" data-id=\"e740877\" data-element_type=\"column\" data-e-type=\"column\">\n\t\t\t<div class=\"elementor-widget-wrap elementor-element-populated\">\n\t\t\t\t\t\t<div class=\"elementor-element elementor-element-b3e79ab elementor-widget elementor-widget-spacer\" data-id=\"b3e79ab\" data-element_type=\"widget\" data-e-type=\"widget\" data-widget_type=\"spacer.default\">\n\t\t\t\t<div class=\"elementor-widget-container\">\n\t\t\t\t\t\t\t<div class=\"elementor-spacer\">\n\t\t\t<div class=\"elementor-spacer-inner\"><\/div>\n\t\t<\/div>\n\t\t\t\t\t\t<\/div>\n\t\t\t\t<\/div>\n\t\t\t\t\t<\/div>\n\t\t<\/div>\n\t\t\t\t\t<\/div>\n\t\t<\/section>\n\t\t\t\t<\/div>","protected":false},"excerpt":{"rendered":"<p>POL\u00cdTICA DE COOKIES \u00bfQU\u00c9 SON LAS COOKIES? Las cookies y otras tecnolog\u00edas similares tales como local shared objects, flash cookies o p\u00edxeles,\u00a0son peque\u00f1os archivos\u00a0que algunas plataformas, como las p\u00e1ginas web, pueden instalar en el equipo del usuario (ordenador, tablet, smartphone, etc.). \u00a0 Sus funciones\u00a0pueden ser muy variadas: almacenar tus preferencias de navegaci\u00f3n, recopilar informaci\u00f3n estad\u00edstica, [&hellip;]<\/p>","protected":false},"author":1,"featured_media":0,"parent":0,"menu_order":0,"comment_status":"closed","ping_status":"closed","template":"","meta":{"footnotes":""},"class_list":["post-1334","page","type-page","status-publish","hentry","entry"],"_links":{"self":[{"href":"http:\/\/tapicerianautica.com\/fr\/wp-json\/wp\/v2\/pages\/1334","targetHints":{"allow":["GET"]}}],"collection":[{"href":"http:\/\/tapicerianautica.com\/fr\/wp-json\/wp\/v2\/pages"}],"about":[{"href":"http:\/\/tapicerianautica.com\/fr\/wp-json\/wp\/v2\/types\/page"}],"author":[{"embeddable":true,"href":"http:\/\/tapicerianautica.com\/fr\/wp-json\/wp\/v2\/users\/1"}],"replies":[{"embeddable":true,"href":"http:\/\/tapicerianautica.com\/fr\/wp-json\/wp\/v2\/comments?post=1334"}],"version-history":[{"count":7,"href":"http:\/\/tapicerianautica.com\/fr\/wp-json\/wp\/v2\/pages\/1334\/revisions"}],"predecessor-version":[{"id":1342,"href":"http:\/\/tapicerianautica.com\/fr\/wp-json\/wp\/v2\/pages\/1334\/revisions\/1342"}],"wp:attachment":[{"href":"http:\/\/tapicerianautica.com\/fr\/wp-json\/wp\/v2\/media?parent=1334"}],"curies":[{"name":"wp","href":"https:\/\/api.w.org\/{rel}","templated":true}]}}