{"id":427,"date":"2021-03-11T19:22:24","date_gmt":"2021-03-11T19:22:24","guid":{"rendered":"http:\/\/s279392999.mialojamiento.es\/?page_id=427"},"modified":"2021-05-25T13:06:17","modified_gmt":"2021-05-25T13:06:17","slug":"protectores","status":"publish","type":"page","link":"http:\/\/tapicerianautica.com\/fr\/protectores","title":{"rendered":"Protecteurs"},"content":{"rendered":"<div data-elementor-type=\"wp-page\" data-elementor-id=\"427\" class=\"elementor elementor-427\">\n\t\t\t\t\t\t<section class=\"elementor-section elementor-top-section elementor-element elementor-element-54450b6 elementor-section-stretched elementor-section-boxed elementor-section-height-default elementor-section-height-default\" data-id=\"54450b6\" data-element_type=\"section\" data-e-type=\"section\" data-settings=\"{&quot;stretch_section&quot;:&quot;section-stretched&quot;}\">\n\t\t\t\t\t\t<div class=\"elementor-container elementor-column-gap-default\">\n\t\t\t\t\t<div class=\"elementor-column elementor-col-100 elementor-top-column elementor-element elementor-element-1cbaba0\" data-id=\"1cbaba0\" data-element_type=\"column\" data-e-type=\"column\">\n\t\t\t<div class=\"elementor-widget-wrap elementor-element-populated\">\n\t\t\t\t\t\t<div class=\"elementor-element elementor-element-5c13f1e elementor-widget elementor-widget-heading\" data-id=\"5c13f1e\" data-element_type=\"widget\" data-e-type=\"widget\" data-widget_type=\"heading.default\">\n\t\t\t\t<div class=\"elementor-widget-container\">\n\t\t\t\t\t<h1 class=\"elementor-heading-title elementor-size-large\">PROTECTEURS<\/h1>\t\t\t\t<\/div>\n\t\t\t\t<\/div>\n\t\t\t\t<div class=\"elementor-element elementor-element-f161656 elementor-view-framed elementor-shape-circle elementor-widget elementor-widget-icon\" data-id=\"f161656\" data-element_type=\"widget\" data-e-type=\"widget\" data-widget_type=\"icon.default\">\n\t\t\t\t<div class=\"elementor-widget-container\">\n\t\t\t\t\t\t\t<div class=\"elementor-icon-wrapper\">\n\t\t\t<div class=\"elementor-icon\">\n\t\t\t<svg xmlns=\"http:\/\/www.w3.org\/2000\/svg\" xmlns:xlink=\"http:\/\/www.w3.org\/1999\/xlink\" id=\"Capa_1\" x=\"0px\" y=\"0px\" width=\"282px\" height=\"122.998px\" viewbox=\"0 0 282 122.998\" xml:space=\"preserve\"><g>\t<path fill=\"none\" d=\"M173.184,84.41c-0.717-0.401-1.137-0.203-1.459,0.573c-1.664,4.023-3.367,8.028-5.117,12.183   c7.893,0,15.529,0,23.658,0C185.172,91.606,179.311,87.831,173.184,84.41z\"><\/path>\t<path fill=\"none\" d=\"M105.535,84.704c-6.154,3.164-11.67,7.189-16.801,12.401c8.092,0,15.777,0,23.695,0   c-1.738-4.133-3.414-8.071-5.045-12.028C106.914,83.931,106.299,84.311,105.535,84.704z\"><\/path>\t<path fill=\"none\" d=\"M154.236,78.015c-2.523-0.364-5.027-0.912-7.563-1.164c-9.4-0.938-18.645-0.008-27.742,2.525   c-1.049,0.293-1.504,0.48-0.939,1.719c2.219,4.854,4.344,9.75,6.443,14.656c0.477,1.115,1.119,1.538,2.35,1.507   c3.355-0.083,6.713-0.028,10.07-0.028c3.438,0,6.875-0.043,10.311,0.024c1.129,0.022,1.705-0.331,2.127-1.407   c2.035-5.191,4.088-10.377,6.285-15.502C156.291,78.682,155.732,78.229,154.236,78.015z\"><\/path>\t<path fill=\"#000068\" d=\"M244.531,97.217c-0.811,0-1.686,0.229-2.576-0.286c0.582-0.443,1.025-0.781,1.469-1.117   c1.91-1.449,3.697-2.277,6.463-2.035c7.285,0.643,14.137-1.076,19.76-6.17c1.791-1.621,3.166-3.598,2.391-6.127   c-0.752-2.463-2.877-3.576-5.26-3.992c-7.229-1.26-14.238-0.248-20.055,4.189c-2.941,2.244-5.709,2.73-9,2.596   c-2.395-0.1-4.789-0.224-7.184-0.229c-1.408-0.003-2.359-0.505-3.195-1.67c-5.543-7.729-12.326-14.25-19.809-20.069   c-6.332-4.924-13.23-8.906-20.521-12.225c-1.209-0.551-2.289-1.141-2.057-2.804c0.242-1.735,0.441-3.486,0.498-5.235   c0.037-1.076,0.414-1.732,1.305-2.339c5.541-3.773,8.674-9.049,9.357-15.698c0.313-3.048-0.09-6.079-3.025-7.807   c-2.85-1.678-5.768-0.93-8.354,0.782c-5.363,3.554-8.834,8.67-9.188,14.981c-0.229,4.061-1.873,6.475-4.793,8.607   c-0.193,0.141-0.393,0.291-0.537,0.477c-1.309,1.677-2.949,1.838-4.926,1.358c-17.139-4.153-34.426-4.39-51.533-0.435   c-5.994,1.386-10.396,0.943-14.182-3.86c-0.098-0.124-0.227-0.226-0.352-0.326c-0.996-0.813-1.457-1.808-1.334-3.143   c0.27-2.942-0.455-5.743-1.721-8.347c-2.162-4.448-4.85-8.528-9.791-10.314c-5.336-1.929-9.154,0.604-9.342,6.245   c-0.205,6.212,2.123,11.688,6.92,15.389c3.33,2.57,4.205,5.431,4.092,9.139c-0.014,0.398-0.074,0.833,0.051,1.192   c0.77,2.18-0.385,3.025-2.211,3.895c-13.715,6.53-25.42,15.737-34.637,27.761c-2.852,3.719-5.645,5.285-10.096,4.731   c-1.549-0.192-2.74-0.487-4.047-1.509c-6.674-5.215-14.297-7-22.537-5.023c-5.141,1.232-6.184,5.49-2.582,9.443   c0.85,0.934,1.861,1.783,2.941,2.433c5.275,3.172,11.051,4.978,17.146,4.063c3.549-0.531,5.418,1.338,7.549,3.49   c-0.861,0-1.723,0-2.584,0c-9.238,0-18.475,0-27.713,0v10.512c14.242-0.014,28.486-0.026,42.729-0.027   c73.535-0.009,147.07-0.005,220.604-0.003V97.222C263.287,97.22,253.908,97.223,244.531,97.217z M88.734,97.105   c5.131-5.212,10.646-9.237,16.801-12.401c0.764-0.394,1.379-0.773,1.85,0.373c1.631,3.957,3.307,7.896,5.045,12.028   C104.512,97.105,96.826,97.105,88.734,97.105z M155.578,80.345c-2.197,5.125-4.25,10.311-6.285,15.502   c-0.422,1.076-0.998,1.43-2.127,1.407c-3.436-0.067-6.873-0.024-10.311-0.024c-3.357,0-6.715-0.055-10.07,0.028   c-1.23,0.031-1.873-0.392-2.35-1.507c-2.1-4.906-4.225-9.803-6.443-14.656c-0.564-1.238-0.109-1.426,0.939-1.719   c9.098-2.533,18.342-3.463,27.742-2.525c2.535,0.252,5.039,0.8,7.563,1.164C155.732,78.229,156.291,78.682,155.578,80.345z    M166.607,97.166c1.75-4.154,3.453-8.159,5.117-12.183c0.322-0.776,0.742-0.975,1.459-0.573   c6.127,3.421,11.988,7.196,17.082,12.756C182.137,97.166,174.5,97.166,166.607,97.166z\"><\/path><\/g><\/svg>\t\t\t<\/div>\n\t\t<\/div>\n\t\t\t\t\t\t<\/div>\n\t\t\t\t<\/div>\n\t\t\t\t\t<\/div>\n\t\t<\/div>\n\t\t\t\t\t<\/div>\n\t\t<\/section>\n\t\t\t\t<section class=\"elementor-section elementor-top-section elementor-element elementor-element-c2145fc elementor-section-stretched elementor-section-boxed elementor-section-height-default elementor-section-height-default\" data-id=\"c2145fc\" data-element_type=\"section\" data-e-type=\"section\" data-settings=\"{&quot;stretch_section&quot;:&quot;section-stretched&quot;}\">\n\t\t\t\t\t\t<div class=\"elementor-container elementor-column-gap-default\">\n\t\t\t\t\t<div class=\"elementor-column elementor-col-100 elementor-top-column elementor-element elementor-element-0db06cc\" data-id=\"0db06cc\" data-element_type=\"column\" data-e-type=\"column\">\n\t\t\t<div class=\"elementor-widget-wrap elementor-element-populated\">\n\t\t\t\t\t\t<div class=\"elementor-element elementor-element-82d9790 animated-slow elementor-invisible elementor-widget elementor-widget-text-editor\" data-id=\"82d9790\" data-element_type=\"widget\" data-e-type=\"widget\" data-settings=\"{&quot;_animation&quot;:&quot;fadeIn&quot;}\" data-widget_type=\"text-editor.default\">\n\t\t\t\t<div class=\"elementor-widget-container\">\n\t\t\t\t\t\t\t\t\t<p>Les protections sont fabriqu\u00e9es avec des toiles imperm\u00e9ables sur mesure et adapt\u00e9es pour prot\u00e9ger toutes les parties sensibles aux conditions climatiques (soleil, pluie, vent...) comme les pare-brise, le tableau de bord, les trappes ou les consoles, entre autres.<\/p>\t\t\t\t\t\t\t\t<\/div>\n\t\t\t\t<\/div>\n\t\t\t\t\t<\/div>\n\t\t<\/div>\n\t\t\t\t\t<\/div>\n\t\t<\/section>\n\t\t\t\t<section class=\"elementor-section elementor-top-section elementor-element elementor-element-02ff773 elementor-section-stretched elementor-section-boxed elementor-section-height-default elementor-section-height-default\" data-id=\"02ff773\" data-element_type=\"section\" data-e-type=\"section\" data-settings=\"{&quot;stretch_section&quot;:&quot;section-stretched&quot;}\">\n\t\t\t\t\t\t<div class=\"elementor-container elementor-column-gap-default\">\n\t\t\t\t\t<div class=\"elementor-column elementor-col-100 elementor-top-column elementor-element elementor-element-dbd9db4\" data-id=\"dbd9db4\" data-element_type=\"column\" data-e-type=\"column\">\n\t\t\t<div class=\"elementor-widget-wrap elementor-element-populated\">\n\t\t\t\t\t\t<div class=\"elementor-element elementor-element-fe40dd8 elementor-widget elementor-widget-spacer\" data-id=\"fe40dd8\" data-element_type=\"widget\" data-e-type=\"widget\" data-widget_type=\"spacer.default\">\n\t\t\t\t<div class=\"elementor-widget-container\">\n\t\t\t\t\t\t\t<div class=\"elementor-spacer\">\n\t\t\t<div class=\"elementor-spacer-inner\"><\/div>\n\t\t<\/div>\n\t\t\t\t\t\t<\/div>\n\t\t\t\t<\/div>\n\t\t\t\t<div class=\"elementor-element elementor-element-039caba animated-slow elementor-skin-carousel elementor-arrows-yes elementor-pagination-type-bullets elementor-pagination-position-outside elementor-invisible elementor-widget elementor-widget-media-carousel\" data-id=\"039caba\" data-element_type=\"widget\" data-e-type=\"widget\" data-settings=\"{&quot;slides_per_view&quot;:&quot;3&quot;,&quot;slides_to_scroll&quot;:&quot;1&quot;,&quot;_animation&quot;:&quot;swing&quot;,&quot;skin&quot;:&quot;carousel&quot;,&quot;effect&quot;:&quot;slide&quot;,&quot;show_arrows&quot;:&quot;yes&quot;,&quot;pagination&quot;:&quot;bullets&quot;,&quot;speed&quot;:500,&quot;autoplay&quot;:&quot;yes&quot;,&quot;autoplay_speed&quot;:5000,&quot;loop&quot;:&quot;yes&quot;,&quot;pause_on_hover&quot;:&quot;yes&quot;,&quot;pause_on_interaction&quot;:&quot;yes&quot;,&quot;space_between&quot;:{&quot;unit&quot;:&quot;px&quot;,&quot;size&quot;:10,&quot;sizes&quot;:[]},&quot;space_between_tablet&quot;:{&quot;unit&quot;:&quot;px&quot;,&quot;size&quot;:10,&quot;sizes&quot;:[]},&quot;space_between_mobile&quot;:{&quot;unit&quot;:&quot;px&quot;,&quot;size&quot;:10,&quot;sizes&quot;:[]}}\" data-widget_type=\"media-carousel.default\">\n\t\t\t\t<div class=\"elementor-widget-container\">\n\t\t\t\t\t\t\t<div class=\"elementor-swiper\">\n\t\t\t<div class=\"elementor-main-swiper swiper-container\">\n\t\t\t\t<div class=\"swiper-wrapper\">\n\t\t\t\t\t\t\t\t\t\t\t<div class=\"swiper-slide\">\n\t\t\t\t\t\t\t<a href=\"http:\/\/s279392999.mialojamiento.es\/wp-content\/uploads\/2021\/03\/protectores-1.jpg\" data-elementor-open-lightbox=\"yes\" data-elementor-lightbox-slideshow=\"039caba\" data-e-action-hash=\"#elementor-action%3Aaction%3Dlightbox%26settings%3DeyJpZCI6NDMwLCJ1cmwiOiJodHRwOlwvXC90YXBpY2VyaWFuYXV0aWNhLmNvbVwvd3AtY29udGVudFwvdXBsb2Fkc1wvMjAyMVwvMDNcL3Byb3RlY3RvcmVzLTEuanBnIiwic2xpZGVzaG93IjoiMDM5Y2FiYSJ9\">\t\t<div class=\"elementor-carousel-image\" role=\"img\" aria-label=\"\" style=\"background-image: url(&#039;http:\/\/tapicerianautica.com\/wp-content\/uploads\/2021\/03\/protectores-1.jpg&#039;)\">\n\n\t\t\t\n\t\t\t\t\t<\/div>\n\t\t<\/a>\t\t\t\t\t\t<\/div>\n\t\t\t\t\t\t\t\t\t\t\t<div class=\"swiper-slide\">\n\t\t\t\t\t\t\t<a href=\"http:\/\/s279392999.mialojamiento.es\/wp-content\/uploads\/2021\/03\/protectores-2.jpg\" data-elementor-open-lightbox=\"yes\" data-elementor-lightbox-slideshow=\"039caba\" data-e-action-hash=\"#elementor-action%3Aaction%3Dlightbox%26settings%3DeyJpZCI6NDMxLCJ1cmwiOiJodHRwOlwvXC90YXBpY2VyaWFuYXV0aWNhLmNvbVwvd3AtY29udGVudFwvdXBsb2Fkc1wvMjAyMVwvMDNcL3Byb3RlY3RvcmVzLTIuanBnIiwic2xpZGVzaG93IjoiMDM5Y2FiYSJ9\">\t\t<div class=\"elementor-carousel-image\" role=\"img\" aria-label=\"\" style=\"background-image: url(&#039;http:\/\/tapicerianautica.com\/wp-content\/uploads\/2021\/03\/protectores-2.jpg&#039;)\">\n\n\t\t\t\n\t\t\t\t\t<\/div>\n\t\t<\/a>\t\t\t\t\t\t<\/div>\n\t\t\t\t\t\t\t\t\t\t\t<div class=\"swiper-slide\">\n\t\t\t\t\t\t\t<a href=\"http:\/\/s279392999.mialojamiento.es\/wp-content\/uploads\/2021\/03\/protectores-3.jpg\" data-elementor-open-lightbox=\"yes\" data-elementor-lightbox-slideshow=\"039caba\" data-e-action-hash=\"#elementor-action%3Aaction%3Dlightbox%26settings%3DeyJpZCI6NDMyLCJ1cmwiOiJodHRwOlwvXC90YXBpY2VyaWFuYXV0aWNhLmNvbVwvd3AtY29udGVudFwvdXBsb2Fkc1wvMjAyMVwvMDNcL3Byb3RlY3RvcmVzLTMuanBnIiwic2xpZGVzaG93IjoiMDM5Y2FiYSJ9\">\t\t<div class=\"elementor-carousel-image\" role=\"img\" aria-label=\"\" style=\"background-image: url(&#039;http:\/\/tapicerianautica.com\/wp-content\/uploads\/2021\/03\/protectores-3.jpg&#039;)\">\n\n\t\t\t\n\t\t\t\t\t<\/div>\n\t\t<\/a>\t\t\t\t\t\t<\/div>\n\t\t\t\t\t\t\t\t\t\t\t<div class=\"swiper-slide\">\n\t\t\t\t\t\t\t<a href=\"http:\/\/s279392999.mialojamiento.es\/wp-content\/uploads\/2021\/03\/protectores-4.jpg\" data-elementor-open-lightbox=\"yes\" data-elementor-lightbox-slideshow=\"039caba\" data-e-action-hash=\"#elementor-action%3Aaction%3Dlightbox%26settings%3DeyJpZCI6NDMzLCJ1cmwiOiJodHRwOlwvXC90YXBpY2VyaWFuYXV0aWNhLmNvbVwvd3AtY29udGVudFwvdXBsb2Fkc1wvMjAyMVwvMDNcL3Byb3RlY3RvcmVzLTQuanBnIiwic2xpZGVzaG93IjoiMDM5Y2FiYSJ9\">\t\t<div class=\"elementor-carousel-image\" role=\"img\" aria-label=\"\" style=\"background-image: url(&#039;http:\/\/tapicerianautica.com\/wp-content\/uploads\/2021\/03\/protectores-4.jpg&#039;)\">\n\n\t\t\t\n\t\t\t\t\t<\/div>\n\t\t<\/a>\t\t\t\t\t\t<\/div>\n\t\t\t\t\t\t\t\t\t\t\t<div class=\"swiper-slide\">\n\t\t\t\t\t\t\t<a href=\"http:\/\/s279392999.mialojamiento.es\/wp-content\/uploads\/2021\/03\/protectores-5.jpg\" data-elementor-open-lightbox=\"yes\" data-elementor-lightbox-slideshow=\"039caba\" data-e-action-hash=\"#elementor-action%3Aaction%3Dlightbox%26settings%3DeyJpZCI6NDM0LCJ1cmwiOiJodHRwOlwvXC90YXBpY2VyaWFuYXV0aWNhLmNvbVwvd3AtY29udGVudFwvdXBsb2Fkc1wvMjAyMVwvMDNcL3Byb3RlY3RvcmVzLTUuanBnIiwic2xpZGVzaG93IjoiMDM5Y2FiYSJ9\">\t\t<div class=\"elementor-carousel-image\" role=\"img\" aria-label=\"\" style=\"background-image: url(&#039;http:\/\/tapicerianautica.com\/wp-content\/uploads\/2021\/03\/protectores-5.jpg&#039;)\">\n\n\t\t\t\n\t\t\t\t\t<\/div>\n\t\t<\/a>\t\t\t\t\t\t<\/div>\n\t\t\t\t\t\t\t\t\t\t\t<div class=\"swiper-slide\">\n\t\t\t\t\t\t\t<a href=\"http:\/\/s279392999.mialojamiento.es\/wp-content\/uploads\/2021\/03\/protectores-6.jpg\" data-elementor-open-lightbox=\"yes\" data-elementor-lightbox-slideshow=\"039caba\" data-e-action-hash=\"#elementor-action%3Aaction%3Dlightbox%26settings%3DeyJpZCI6NDM1LCJ1cmwiOiJodHRwOlwvXC90YXBpY2VyaWFuYXV0aWNhLmNvbVwvd3AtY29udGVudFwvdXBsb2Fkc1wvMjAyMVwvMDNcL3Byb3RlY3RvcmVzLTYuanBnIiwic2xpZGVzaG93IjoiMDM5Y2FiYSJ9\">\t\t<div class=\"elementor-carousel-image\" role=\"img\" aria-label=\"\" style=\"background-image: url(&#039;http:\/\/tapicerianautica.com\/wp-content\/uploads\/2021\/03\/protectores-6.jpg&#039;)\">\n\n\t\t\t\n\t\t\t\t\t<\/div>\n\t\t<\/a>\t\t\t\t\t\t<\/div>\n\t\t\t\t\t\t\t\t\t\t\t<div class=\"swiper-slide\">\n\t\t\t\t\t\t\t<a href=\"http:\/\/s279392999.mialojamiento.es\/wp-content\/uploads\/2021\/03\/protectores-7.jpg\" data-elementor-open-lightbox=\"yes\" data-elementor-lightbox-slideshow=\"039caba\" data-e-action-hash=\"#elementor-action%3Aaction%3Dlightbox%26settings%3DeyJpZCI6NDM2LCJ1cmwiOiJodHRwOlwvXC90YXBpY2VyaWFuYXV0aWNhLmNvbVwvd3AtY29udGVudFwvdXBsb2Fkc1wvMjAyMVwvMDNcL3Byb3RlY3RvcmVzLTcuanBnIiwic2xpZGVzaG93IjoiMDM5Y2FiYSJ9\">\t\t<div class=\"elementor-carousel-image\" role=\"img\" aria-label=\"\" style=\"background-image: url(&#039;http:\/\/tapicerianautica.com\/wp-content\/uploads\/2021\/03\/protectores-7.jpg&#039;)\">\n\n\t\t\t\n\t\t\t\t\t<\/div>\n\t\t<\/a>\t\t\t\t\t\t<\/div>\n\t\t\t\t\t\t\t\t\t\t\t<div class=\"swiper-slide\">\n\t\t\t\t\t\t\t<a href=\"http:\/\/s279392999.mialojamiento.es\/wp-content\/uploads\/2021\/03\/protectores-8.jpg\" data-elementor-open-lightbox=\"yes\" data-elementor-lightbox-slideshow=\"039caba\" data-e-action-hash=\"#elementor-action%3Aaction%3Dlightbox%26settings%3DeyJpZCI6NDM3LCJ1cmwiOiJodHRwOlwvXC90YXBpY2VyaWFuYXV0aWNhLmNvbVwvd3AtY29udGVudFwvdXBsb2Fkc1wvMjAyMVwvMDNcL3Byb3RlY3RvcmVzLTguanBnIiwic2xpZGVzaG93IjoiMDM5Y2FiYSJ9\">\t\t<div class=\"elementor-carousel-image\" role=\"img\" aria-label=\"\" style=\"background-image: url(&#039;http:\/\/tapicerianautica.com\/wp-content\/uploads\/2021\/03\/protectores-8.jpg&#039;)\">\n\n\t\t\t\n\t\t\t\t\t<\/div>\n\t\t<\/a>\t\t\t\t\t\t<\/div>\n\t\t\t\t\t\t\t\t\t\t\t<div class=\"swiper-slide\">\n\t\t\t\t\t\t\t<a href=\"http:\/\/s279392999.mialojamiento.es\/wp-content\/uploads\/2021\/03\/protectores-9.jpg\" data-elementor-open-lightbox=\"yes\" data-elementor-lightbox-slideshow=\"039caba\" data-e-action-hash=\"#elementor-action%3Aaction%3Dlightbox%26settings%3DeyJpZCI6NDM4LCJ1cmwiOiJodHRwOlwvXC90YXBpY2VyaWFuYXV0aWNhLmNvbVwvd3AtY29udGVudFwvdXBsb2Fkc1wvMjAyMVwvMDNcL3Byb3RlY3RvcmVzLTkuanBnIiwic2xpZGVzaG93IjoiMDM5Y2FiYSJ9\">\t\t<div class=\"elementor-carousel-image\" role=\"img\" aria-label=\"\" style=\"background-image: url(&#039;http:\/\/tapicerianautica.com\/wp-content\/uploads\/2021\/03\/protectores-9.jpg&#039;)\">\n\n\t\t\t\n\t\t\t\t\t<\/div>\n\t\t<\/a>\t\t\t\t\t\t<\/div>\n\t\t\t\t\t\t\t\t\t\t\t<div class=\"swiper-slide\">\n\t\t\t\t\t\t\t<a href=\"http:\/\/s279392999.mialojamiento.es\/wp-content\/uploads\/2021\/03\/protectores-10.jpg\" data-elementor-open-lightbox=\"yes\" data-elementor-lightbox-slideshow=\"039caba\" data-e-action-hash=\"#elementor-action%3Aaction%3Dlightbox%26settings%3DeyJpZCI6NDM5LCJ1cmwiOiJodHRwOlwvXC90YXBpY2VyaWFuYXV0aWNhLmNvbVwvd3AtY29udGVudFwvdXBsb2Fkc1wvMjAyMVwvMDNcL3Byb3RlY3RvcmVzLTEwLmpwZyIsInNsaWRlc2hvdyI6IjAzOWNhYmEifQ%3D%3D\">\t\t<div class=\"elementor-carousel-image\" role=\"img\" aria-label=\"\" style=\"background-image: url(&#039;http:\/\/tapicerianautica.com\/wp-content\/uploads\/2021\/03\/protectores-10.jpg&#039;)\">\n\n\t\t\t\n\t\t\t\t\t<\/div>\n\t\t<\/a>\t\t\t\t\t\t<\/div>\n\t\t\t\t\t\t\t\t\t\t\t<div class=\"swiper-slide\">\n\t\t\t\t\t\t\t<a href=\"http:\/\/s279392999.mialojamiento.es\/wp-content\/uploads\/2021\/03\/protectores-11.jpg\" data-elementor-open-lightbox=\"yes\" data-elementor-lightbox-slideshow=\"039caba\" data-e-action-hash=\"#elementor-action%3Aaction%3Dlightbox%26settings%3DeyJpZCI6NDQwLCJ1cmwiOiJodHRwOlwvXC90YXBpY2VyaWFuYXV0aWNhLmNvbVwvd3AtY29udGVudFwvdXBsb2Fkc1wvMjAyMVwvMDNcL3Byb3RlY3RvcmVzLTExLmpwZyIsInNsaWRlc2hvdyI6IjAzOWNhYmEifQ%3D%3D\">\t\t<div class=\"elementor-carousel-image\" role=\"img\" aria-label=\"\" style=\"background-image: url(&#039;http:\/\/tapicerianautica.com\/wp-content\/uploads\/2021\/03\/protectores-11.jpg&#039;)\">\n\n\t\t\t\n\t\t\t\t\t<\/div>\n\t\t<\/a>\t\t\t\t\t\t<\/div>\n\t\t\t\t\t\t\t\t\t\t\t<div class=\"swiper-slide\">\n\t\t\t\t\t\t\t<a href=\"http:\/\/s279392999.mialojamiento.es\/wp-content\/uploads\/2021\/03\/protectores-12.jpg\" data-elementor-open-lightbox=\"yes\" data-elementor-lightbox-slideshow=\"039caba\" data-e-action-hash=\"#elementor-action%3Aaction%3Dlightbox%26settings%3DeyJpZCI6NDQxLCJ1cmwiOiJodHRwOlwvXC90YXBpY2VyaWFuYXV0aWNhLmNvbVwvd3AtY29udGVudFwvdXBsb2Fkc1wvMjAyMVwvMDNcL3Byb3RlY3RvcmVzLTEyLmpwZyIsInNsaWRlc2hvdyI6IjAzOWNhYmEifQ%3D%3D\">\t\t<div class=\"elementor-carousel-image\" role=\"img\" aria-label=\"\" style=\"background-image: url(&#039;http:\/\/tapicerianautica.com\/wp-content\/uploads\/2021\/03\/protectores-12.jpg&#039;)\">\n\n\t\t\t\n\t\t\t\t\t<\/div>\n\t\t<\/a>\t\t\t\t\t\t<\/div>\n\t\t\t\t\t\t\t\t\t\t\t<div class=\"swiper-slide\">\n\t\t\t\t\t\t\t<a href=\"http:\/\/s279392999.mialojamiento.es\/wp-content\/uploads\/2021\/03\/protectores-13.jpg\" data-elementor-open-lightbox=\"yes\" data-elementor-lightbox-slideshow=\"039caba\" data-e-action-hash=\"#elementor-action%3Aaction%3Dlightbox%26settings%3DeyJpZCI6NDQyLCJ1cmwiOiJodHRwOlwvXC90YXBpY2VyaWFuYXV0aWNhLmNvbVwvd3AtY29udGVudFwvdXBsb2Fkc1wvMjAyMVwvMDNcL3Byb3RlY3RvcmVzLTEzLmpwZyIsInNsaWRlc2hvdyI6IjAzOWNhYmEifQ%3D%3D\">\t\t<div class=\"elementor-carousel-image\" role=\"img\" aria-label=\"\" style=\"background-image: url(&#039;http:\/\/tapicerianautica.com\/wp-content\/uploads\/2021\/03\/protectores-13.jpg&#039;)\">\n\n\t\t\t\n\t\t\t\t\t<\/div>\n\t\t<\/a>\t\t\t\t\t\t<\/div>\n\t\t\t\t\t\t\t\t\t<\/div>\n\t\t\t\t\t\t\t\t\t\t\t\t\t\t\t<div class=\"swiper-pagination\"><\/div>\n\t\t\t\t\t\t\t\t\t\t\t\t\t\t\t\t<div class=\"elementor-swiper-button elementor-swiper-button-prev\" role=\"button\" tabindex=\"0\">\n\t\t\t\t\t\t\t<i aria-hidden=\"true\" class=\"eicon-chevron-left\"><\/i>\t\t\t\t\t\t\t<span class=\"elementor-screen-only\">Previous<\/span>\n\t\t\t\t\t\t<\/div>\n\t\t\t\t\t\t<div class=\"elementor-swiper-button elementor-swiper-button-next\" role=\"button\" tabindex=\"0\">\n\t\t\t\t\t\t\t<i aria-hidden=\"true\" class=\"eicon-chevron-right\"><\/i>\t\t\t\t\t\t\t<span class=\"elementor-screen-only\">Next<\/span>\n\t\t\t\t\t\t<\/div>\n\t\t\t\t\t\t\t\t\t\t\t\t<\/div>\n\t\t<\/div>\n\t\t\t\t\t\t<\/div>\n\t\t\t\t<\/div>\n\t\t\t\t<div class=\"elementor-element elementor-element-0aabcf9 elementor-widget elementor-widget-spacer\" data-id=\"0aabcf9\" data-element_type=\"widget\" data-e-type=\"widget\" data-widget_type=\"spacer.default\">\n\t\t\t\t<div class=\"elementor-widget-container\">\n\t\t\t\t\t\t\t<div class=\"elementor-spacer\">\n\t\t\t<div class=\"elementor-spacer-inner\"><\/div>\n\t\t<\/div>\n\t\t\t\t\t\t<\/div>\n\t\t\t\t<\/div>\n\t\t\t\t\t<\/div>\n\t\t<\/div>\n\t\t\t\t\t<\/div>\n\t\t<\/section>\n\t\t\t\t<section class=\"elementor-section elementor-top-section elementor-element elementor-element-3b45578 elementor-section-stretched elementor-section-boxed elementor-section-height-default elementor-section-height-default\" data-id=\"3b45578\" data-element_type=\"section\" data-e-type=\"section\" data-settings=\"{&quot;stretch_section&quot;:&quot;section-stretched&quot;,&quot;background_background&quot;:&quot;classic&quot;}\">\n\t\t\t\t\t\t<div class=\"elementor-container elementor-column-gap-default\">\n\t\t\t\t\t<div class=\"elementor-column elementor-col-100 elementor-top-column elementor-element elementor-element-64ea716\" data-id=\"64ea716\" data-element_type=\"column\" data-e-type=\"column\">\n\t\t\t<div class=\"elementor-widget-wrap elementor-element-populated\">\n\t\t\t\t\t\t<div class=\"elementor-element elementor-element-cc10adf elementor-widget elementor-widget-spacer\" data-id=\"cc10adf\" data-element_type=\"widget\" data-e-type=\"widget\" data-widget_type=\"spacer.default\">\n\t\t\t\t<div class=\"elementor-widget-container\">\n\t\t\t\t\t\t\t<div class=\"elementor-spacer\">\n\t\t\t<div class=\"elementor-spacer-inner\"><\/div>\n\t\t<\/div>\n\t\t\t\t\t\t<\/div>\n\t\t\t\t<\/div>\n\t\t\t\t<div class=\"elementor-element elementor-element-8be7c8a elementor-widget elementor-widget-heading\" data-id=\"8be7c8a\" data-element_type=\"widget\" data-e-type=\"widget\" data-widget_type=\"heading.default\">\n\t\t\t\t<div class=\"elementor-widget-container\">\n\t\t\t\t\t<h2 class=\"elementor-heading-title elementor-size-large\">Que recherchez-vous?<\/h2>\t\t\t\t<\/div>\n\t\t\t\t<\/div>\n\t\t\t\t<div class=\"elementor-element elementor-element-132db6b elementor-widget elementor-widget-heading\" data-id=\"132db6b\" data-element_type=\"widget\" data-e-type=\"widget\" data-widget_type=\"heading.default\">\n\t\t\t\t<div class=\"elementor-widget-container\">\n\t\t\t\t\t<h2 class=\"elementor-heading-title elementor-size-medium\">Nous allons vous aider dans ce que vous avez besoin<\/h2>\t\t\t\t<\/div>\n\t\t\t\t<\/div>\n\t\t\t\t<div class=\"elementor-element elementor-element-28eb531 elementor-align-center animated-slow elementor-invisible elementor-widget elementor-widget-button\" data-id=\"28eb531\" data-element_type=\"widget\" data-e-type=\"widget\" data-settings=\"{&quot;_animation&quot;:&quot;fadeIn&quot;}\" data-widget_type=\"button.default\">\n\t\t\t\t<div class=\"elementor-widget-container\">\n\t\t\t\t\t\t\t\t\t<div class=\"elementor-button-wrapper\">\n\t\t\t\t\t<a class=\"elementor-button elementor-button-link elementor-size-md elementor-animation-bob\" href=\"http:\/\/tapicerianautica.com\/fr\/contacto\/\">\n\t\t\t\t\t\t<span class=\"elementor-button-content-wrapper\">\n\t\t\t\t\t\t\t\t\t<span class=\"elementor-button-text\">Dites-nous<\/span>\n\t\t\t\t\t<\/span>\n\t\t\t\t\t<\/a>\n\t\t\t\t<\/div>\n\t\t\t\t\t\t\t\t<\/div>\n\t\t\t\t<\/div>\n\t\t\t\t<div class=\"elementor-element elementor-element-7c880eb elementor-widget elementor-widget-spacer\" data-id=\"7c880eb\" data-element_type=\"widget\" data-e-type=\"widget\" data-widget_type=\"spacer.default\">\n\t\t\t\t<div class=\"elementor-widget-container\">\n\t\t\t\t\t\t\t<div class=\"elementor-spacer\">\n\t\t\t<div class=\"elementor-spacer-inner\"><\/div>\n\t\t<\/div>\n\t\t\t\t\t\t<\/div>\n\t\t\t\t<\/div>\n\t\t\t\t\t<\/div>\n\t\t<\/div>\n\t\t\t\t\t<\/div>\n\t\t<\/section>\n\t\t\t\t<\/div>","protected":false},"excerpt":{"rendered":"<p>PROTECTORES Los protectores son fabricados con lona impermeable a medida y adaptados para proteger todas las partes sensibles a las inclemencias meteorol\u00f3gicas (sol, lluvia, viento\u2026) como son los parabrisas, cuadro de mandos, escotillas o consolas, entre otros. Previous Next \u00bfQu\u00e9 est\u00e1s buscando? Te ayudamos en lo que necesites Cu\u00e9ntanos<\/p>","protected":false},"author":1,"featured_media":0,"parent":0,"menu_order":0,"comment_status":"closed","ping_status":"closed","template":"","meta":{"footnotes":""},"class_list":["post-427","page","type-page","status-publish","hentry","entry"],"_links":{"self":[{"href":"http:\/\/tapicerianautica.com\/fr\/wp-json\/wp\/v2\/pages\/427","targetHints":{"allow":["GET"]}}],"collection":[{"href":"http:\/\/tapicerianautica.com\/fr\/wp-json\/wp\/v2\/pages"}],"about":[{"href":"http:\/\/tapicerianautica.com\/fr\/wp-json\/wp\/v2\/types\/page"}],"author":[{"embeddable":true,"href":"http:\/\/tapicerianautica.com\/fr\/wp-json\/wp\/v2\/users\/1"}],"replies":[{"embeddable":true,"href":"http:\/\/tapicerianautica.com\/fr\/wp-json\/wp\/v2\/comments?post=427"}],"version-history":[{"count":19,"href":"http:\/\/tapicerianautica.com\/fr\/wp-json\/wp\/v2\/pages\/427\/revisions"}],"predecessor-version":[{"id":1764,"href":"http:\/\/tapicerianautica.com\/fr\/wp-json\/wp\/v2\/pages\/427\/revisions\/1764"}],"wp:attachment":[{"href":"http:\/\/tapicerianautica.com\/fr\/wp-json\/wp\/v2\/media?parent=427"}],"curies":[{"name":"wp","href":"https:\/\/api.w.org\/{rel}","templated":true}]}}